{"id":298,"date":"2026-04-02T04:10:25","date_gmt":"2026-04-02T04:10:25","guid":{"rendered":"https:\/\/genziii.azdigi.shop\/?post_type=product&#038;p=298"},"modified":"2026-04-04T15:31:08","modified_gmt":"2026-04-04T15:31:08","slug":"vong-lien-cat-dieu","status":"publish","type":"product","link":"https:\/\/genziii.azdigi.shop\/index.php\/product\/vong-lien-cat-dieu\/","title":{"rendered":"V\u00f2ng Li\u00ean C\u00e1t Di\u1ec7u"},"content":{"rendered":"<h4 data-path-to-node=\"4\"><a href=\"vong-lien-cat-dieu\"><img loading=\"lazy\" decoding=\"async\" class=\"alignleft wp-image-141 size-medium\" src=\"https:\/\/genziii.azdigi.shop\/wp-content\/uploads\/2026\/03\/vong-1.2-300x253.png\" alt=\"\" width=\"300\" height=\"253\" srcset=\"https:\/\/genziii.azdigi.shop\/wp-content\/uploads\/2026\/03\/vong-1.2-300x253.png 300w, https:\/\/genziii.azdigi.shop\/wp-content\/uploads\/2026\/03\/vong-1.2-600x506.png 600w, https:\/\/genziii.azdigi.shop\/wp-content\/uploads\/2026\/03\/vong-1.2-768x648.png 768w, https:\/\/genziii.azdigi.shop\/wp-content\/uploads\/2026\/03\/vong-1.2.png 910w\" sizes=\"auto, (max-width: 300px) 100vw, 300px\" \/><\/a><\/h4>\n<h4 data-path-to-node=\"4\"><b data-path-to-node=\"4\" data-index-in-node=\"0\"><span dir=\"auto\" style=\"vertical-align: inherit;\"><span dir=\"auto\" style=\"vertical-align: inherit;\"><span dir=\"auto\" style=\"vertical-align: inherit;\"><span dir=\"auto\" style=\"vertical-align: inherit;\"><span dir=\"auto\" style=\"vertical-align: inherit;\"><span dir=\"auto\" style=\"vertical-align: inherit;\">Thi\u1ebft K\u1ebf Mang \u0110\u1eadm D\u1ea5u \u1ea4n Ngh\u1ec7 Thu\u1eadt<\/span><\/span><\/span><\/span><\/span><\/span><\/b><\/h4>\n<p data-path-to-node=\"5\"><span dir=\"auto\" style=\"vertical-align: inherit;\"><span dir=\"auto\" style=\"vertical-align: inherit;\"><span dir=\"auto\" style=\"vertical-align: inherit;\"><span dir=\"auto\" style=\"vertical-align: inherit;\"><span dir=\"auto\" style=\"vertical-align: inherit;\"><span dir=\"auto\" style=\"vertical-align: inherit;\">\u0110i\u1ec3m nh\u1ea5n c\u1ee7a tuy\u1ec7t t\u00e1c n\u00e0y n\u1eb1m \u1edf b\u1ed9 ba \u0111\u00f3a sen \u0111ang m\u1edf r\u1ed9ng t\u1ed1c \u0111\u1ed9, \u0111\u01b0\u1ee3c s\u1eafp x\u1ebfp h\u00e0i h\u00f2a tr\u00ean n\u1ec1n d\u00e2y thanh m\u1ea3nh h\u1ed3ng qu\u00fd ph\u00e1i. M\u1ed7i c\u00e1nh hoa \u0111\u1ec1u \u0111\u01b0\u1ee3c s\u1ea3n xu\u1ea5t, t\u1ea1o ra m\u1ed9t t\u1ed5ng th\u1ec3 v\u1eeba s\u1ed1ng \u0111\u1ed9ng, v\u1eeba m\u1ec1m m\u1ea1i nh\u01b0 nh\u1eefng c\u00e1nh hoa th\u1eadt \u0111ang rung rung tr\u01b0\u1edbc gi\u00f3. S\u1ef1 k\u1ebft h\u1ee3p gi\u1eefa t\u00f4ng v\u00e0ng h\u1ed3ng \u1ea5m \u00e1p v\u00e0 tinh tr\u1eafng \u0110\u1ed1t \u0111\u00e1 qu\u00fd t\u1ea1i t\u00e2m hoa n\u00ean t\u1ea1o ra m\u1ed9t v\u1ebb ngo\u00e0i \u0111\u1eb9p \u0111\u1ebd nh\u01b0ng kh\u00f4ng ti\u1ebft ki\u1ec7m t\u00e0i kho\u1ea3n.<\/span><\/span><\/span><\/span><\/span><\/span><\/p>\n<h4 data-path-to-node=\"6\"><b data-path-to-node=\"6\" data-index-in-node=\"0\"><span dir=\"auto\" style=\"vertical-align: inherit;\"><span dir=\"auto\" style=\"vertical-align: inherit;\"><span dir=\"auto\" style=\"vertical-align: inherit;\"><span dir=\"auto\" style=\"vertical-align: inherit;\"><span dir=\"auto\" style=\"vertical-align: inherit;\"><span dir=\"auto\" style=\"vertical-align: inherit;\">Bi\u1ec3u t\u01b0\u1ee3ng c\u1ee7a S\u1ef1 B\u00ecnh An V\u00e0 May M\u1eafn<\/span><\/span><\/span><\/span><\/span><\/span><\/b><\/h4>\n<p data-path-to-node=\"7\"><span dir=\"auto\" style=\"vertical-align: inherit;\"><span dir=\"auto\" style=\"vertical-align: inherit;\"><span dir=\"auto\" style=\"vertical-align: inherit;\"><span dir=\"auto\" style=\"vertical-align: inherit;\"><span dir=\"auto\" style=\"vertical-align: inherit;\"><span dir=\"auto\" style=\"vertical-align: inherit;\">Hoa sen t\u1eeb l\u00e2u \u0111\u00e3 \u0111\u01b0\u1ee3c xem l\u00e0 \u0111\u00f3a hoa c\u1ee7a s\u1ef1 t\u1ecbnh t\u00e2m. S\u1edf h\u1eefu v\u00f2ng tay n\u00e0y kh\u00f4ng ch\u1ec9 gi\u00fap t\u00f4n vinh c\u1ed5 tay m\u1ea3nh mai c\u1ee7a ph\u00e1i \u0111\u1eb9p, m\u00e0 c\u00f2n mang l\u1ea1i c\u1ea3m gi\u00e1c b\u00ecnh y\u00ean, nh\u1eafc nh\u1edf ch\u1ee7 nh\u00e2n v\u1ec1 m\u1ed9t t\u00e2m th\u1ebf nh\u1eb9 nh\u00e0ng gi\u1eefa nh\u1ecbp s\u1ed1ng H\u1ea3. \u0110\u00e2y l\u00e0 m\u00f3n ph\u1ee5 ki\u1ec7n ho\u00e0n h\u1ea3o \u0111\u1ec3 k\u1ebft h\u1ee3p c\u00f9ng nh\u1eefng b\u1ed9 \u00e1o d\u00e0i truy\u1ec1n th\u1ed1ng duy\u00ean d\u00e1ng hay nh\u1eefng chi\u1ebfc v\u00e1y l\u1ee5a th\u01b0 tha trong nh\u1eefng b\u1eefa ti\u1ec7c t\u1ed1i sang tr\u1ecdng.<\/span><\/span><\/span><\/span><\/span><\/span><\/p>\n<h4 data-path-to-node=\"9\"><b data-path-to-node=\"9\" data-index-in-node=\"0\"><span dir=\"auto\" style=\"vertical-align: inherit;\"><span dir=\"auto\" style=\"vertical-align: inherit;\"><span dir=\"auto\" style=\"vertical-align: inherit;\"><span dir=\"auto\" style=\"vertical-align: inherit;\"><span dir=\"auto\" style=\"vertical-align: inherit;\"><span dir=\"auto\" style=\"vertical-align: inherit;\">M\u00f4 t\u1ea3 ch\u1ea5t li\u1ec7u: S\u1ef1 K\u1ef3 Di\u1ec7u T\u1eeb Kh\u1ea3m X\u00e0 C\u1eeb<\/span><\/span><\/span><\/span><\/span><\/span><\/b><\/h4>\n<p data-path-to-node=\"10\"><span dir=\"auto\" style=\"vertical-align: inherit;\"><span dir=\"auto\" style=\"vertical-align: inherit;\"><span dir=\"auto\" style=\"vertical-align: inherit;\"><span dir=\"auto\" style=\"vertical-align: inherit;\"><span dir=\"auto\" style=\"vertical-align: inherit;\"><span dir=\"auto\" style=\"vertical-align: inherit;\">\u0110i\u1ec3m l\u00e0m linh h\u1ed3n c\u1ee7a chi\u1ebfc nh\u1eabn tay ch\u00ednh l\u00e0 l\u1edbp <\/span><\/span><\/span><\/span><\/span><\/span><b data-path-to-node=\"10\" data-index-in-node=\"54\"><span dir=\"auto\" style=\"vertical-align: inherit;\"><span dir=\"auto\" style=\"vertical-align: inherit;\"><span dir=\"auto\" style=\"vertical-align: inherit;\"><span dir=\"auto\" style=\"vertical-align: inherit;\"><span dir=\"auto\" style=\"vertical-align: inherit;\"><span dir=\"auto\" style=\"vertical-align: inherit;\">x\u00e0 c\u1eeb thi\u00ean nhi\u00ean<\/span><\/span><\/span><\/span><\/span><\/span><\/b><span dir=\"auto\" style=\"vertical-align: inherit;\"><span dir=\"auto\" style=\"vertical-align: inherit;\"><span dir=\"auto\" style=\"vertical-align: inherit;\"><span dir=\"auto\" style=\"vertical-align: inherit;\"><span dir=\"auto\" style=\"vertical-align: inherit;\"><span dir=\"auto\" style=\"vertical-align: inherit;\"> \u0111\u01b0\u1ee3c kh\u1ea3m th\u1ee7 c\u00f4ng t\u1ec9 t\u1ec9 tr\u00ean t\u1eebng c\u00e1nh hoa. \u0110\u01b0\u1ee3c chi\u1ebft xu\u1ea5t t\u1eeb \u200b\u200b\u200b\u200b\u200bl\u1edbp v\u1ecf b\u00f3ng s\u00e1ng c\u1ee7a c\u00e1c lo\u00e0i trai qu\u00fd, x\u00e0 c\u1eeb mang trong m\u00ecnh hi\u1ec7u \u1ee9ng t\u00e1n s\u1eafc k\u1ef3 \u1ea3o \u2013 hay c\u00f2n \u0111\u01b0\u1ee3c g\u1ecdi l\u00e0 hi\u1ec7n t\u01b0\u1ee3ng \u201cv\u1ea1n bi\u1ebfn \u0111\u1ed9c b\u1ea3n\u201d.<\/span><\/span><\/span><\/span><\/span><\/span><\/p>\n<p data-path-to-node=\"10\"><span dir=\"auto\" style=\"vertical-align: inherit;\"><span dir=\"auto\" style=\"vertical-align: inherit;\"><span dir=\"auto\" style=\"vertical-align: inherit;\"><span dir=\"auto\" style=\"vertical-align: inherit;\"><span dir=\"auto\" style=\"vertical-align: inherit;\"><span dir=\"auto\" style=\"vertical-align: inherit;\">B\u00ean d\u01b0\u1edbi m\u1ed7i g\u00f3c \u0111\u1ed9 s\u00e1ng kh\u00e1c nhau, l\u1edbp x\u00e0 c\u1eeb s\u1ebd ph\u1ea3n chi\u1ebfu nh\u1eefng d\u1ea3i m\u00e0u t\u1eeb tr\u1eafng b\u1ea1c, h\u1ed3ng nh\u1ea1t \u0111\u1ebfn xanh d\u1ecbu m\u1eaft, t\u1ea1o n\u00ean chi\u1ec1u s\u00e2u th\u1ecb gi\u00e1c g\u00f3c cu\u1ed1n cu\u1ed1n. Kh\u00f4ng gi\u1ed1ng nh\u01b0 c\u00e1c lo\u1ea1i v\u1eadt li\u1ec7u nh\u00e2n t\u1ea1o, x\u00e0 c\u1eeb c\u00f3 \u0111\u1ed9 b\u1ec1n cao, c\u00e0ng \u0111eo l\u00e2u ng\u00e0y c\u00e0ng bong, mang l\u1ea1i c\u1ea3m gi\u00e1c m\u00e1t l\u1ea1nh v\u00e0 v\u00f4 c\u00f9ng th\u00e2n thi\u1ec7n v\u1edbi s\u00f3ng s\u00f3ng. S\u1ef1 k\u1ebft h\u1ee3p ch\u00ednh x\u00e1c gi\u1eefa \u0111\u1ed9 n\u00e9t c\u1ee7a \u0111\u1ea1i d\u01b0\u01a1ng v\u00e0 b\u00e0n tay hoa c\u1ee7a ngh\u1ec7 nh\u00e2n \u0111\u00e3 bi\u1ebfn m\u1ed7i c\u00e1nh hoa sen tr\u1edf th\u00e0nh m\u1ed9t t\u00e1c ph\u1ea9m ngh\u1ec7 thu\u1eadt duy nh\u1ea5t, kh\u00f4ng th\u1ec3 sao ch\u00e9p.<\/span><\/span><\/span><\/span><\/span><\/span><\/p>\n<h4 data-path-to-node=\"5\"><b data-path-to-node=\"5\" data-index-in-node=\"0\"><span dir=\"auto\" style=\"vertical-align: inherit;\"><span dir=\"auto\" style=\"vertical-align: inherit;\"><span dir=\"auto\" style=\"vertical-align: inherit;\"><span dir=\"auto\" style=\"vertical-align: inherit;\">L\u01b0u \u00fd v\u1ec1 b\u1ea3o v\u1ec7 trang s\u1ee9c kh\u1ea3m x\u00e0 c\u1eeb:<\/span><\/span><\/span><\/span><\/b><\/h4>\n<p data-path-to-node=\"6,0,0\"><b data-path-to-node=\"6,0,0\" data-index-in-node=\"0\"><span dir=\"auto\" style=\"vertical-align: inherit;\"><span dir=\"auto\" style=\"vertical-align: inherit;\"><span dir=\"auto\" style=\"vertical-align: inherit;\"><span dir=\"auto\" style=\"vertical-align: inherit;\">Tr\u00e1nh h\u00f3a ch\u1ea5t:<\/span><\/span><\/span><\/span><\/b><span dir=\"auto\" style=\"vertical-align: inherit;\"><span dir=\"auto\" style=\"vertical-align: inherit;\"><span dir=\"auto\" style=\"vertical-align: inherit;\"><span dir=\"auto\" style=\"vertical-align: inherit;\"> X\u00e0 c\u1eeb l\u00e0 v\u1eadt li\u1ec7u h\u1eefu c\u01a1, n\u00ean tr\u00e1nh ti\u1ebfp x\u00fac tr\u1ef1c ti\u1ebfp v\u1edbi n\u01b0\u1edbc hoa, m\u1ef9 ph\u1ea9m ho\u1eb7c ch\u1ea5t t\u1ea9y r\u1eeda m\u1ea1nh \u0111\u1ec3 gi\u1eef \u0111\u1ed9 b\u00f3ng t\u1ef1 nhi\u00ean.<\/span><\/span><\/span><\/span><\/p>\n<p data-path-to-node=\"6,1,0\"><b data-path-to-node=\"6,1,0\" data-index-in-node=\"0\"><span dir=\"auto\" style=\"vertical-align: inherit;\"><span dir=\"auto\" style=\"vertical-align: inherit;\"><span dir=\"auto\" style=\"vertical-align: inherit;\"><span dir=\"auto\" style=\"vertical-align: inherit;\">L\u00e0m s\u1ea1ch:<\/span><\/span><\/span><\/span><\/b><span dir=\"auto\" style=\"vertical-align: inherit;\"><span dir=\"auto\" style=\"vertical-align: inherit;\"><span dir=\"auto\" style=\"vertical-align: inherit;\"><span dir=\"auto\" style=\"vertical-align: inherit;\"> Ch\u1ec9 n\u00ean d\u00f9ng kh\u0103n m\u1ec1m \u1ea9m lau nh\u1eb9 sau khi s\u1eed d\u1ee5ng.<\/span><\/span><\/span><\/span><\/p>\n<p data-path-to-node=\"6,2,0\"><b data-path-to-node=\"6,2,0\" data-index-in-node=\"0\"><span dir=\"auto\" style=\"vertical-align: inherit;\"><span dir=\"auto\" style=\"vertical-align: inherit;\"><span dir=\"auto\" style=\"vertical-align: inherit;\"><span dir=\"auto\" style=\"vertical-align: inherit;\">C\u00e1t gi\u1eef:<\/span><\/span><\/span><\/span><\/b><span dir=\"auto\" style=\"vertical-align: inherit;\"><span dir=\"auto\" style=\"vertical-align: inherit;\"><span dir=\"auto\" style=\"vertical-align: inherit;\"><span dir=\"auto\" style=\"vertical-align: inherit;\"> N\u00ean \u0111\u1ec3 trong h\u1ed9p nhung ri\u00eang bi\u1ec7t \u0111\u1ec3 tr\u00e1nh va ch\u1ea1m l\u00e0m l\u1edbp v\u1ecf x\u00e0 c\u1eebm manh tr\u00ean c\u00e1nh hoa.<\/span><\/span><\/span><\/span><\/p>\n","protected":false},"excerpt":{"rendered":"<p><span dir=\"auto\" style=\"vertical-align: inherit;\"><span dir=\"auto\" style=\"vertical-align: inherit;\">Trong th\u1ebf gi\u1edbi trang s\u1ee9c, c\u00f3 nh\u1eefng thi\u1ebft k\u1ebf kh\u00f4ng ch\u1ec9 \u0111\u1ec3 l\u00e0m \u0111\u1eb9p m\u00e0 c\u00f2n \u0111\u1ec3 k\u1ec3 m\u1ed9t c\u00e2u chuy\u1ec7n v\u1ec1 t\u00e2m h\u1ed3n v\u00e0 c\u1ed1t c\u00e1ch. L\u1ea5y c\u1ea3m h\u1ee9ng t\u1eeb h\u00ecnh t\u01b0\u1ee3ng hoa sen \u2013 bi\u1ec3u t\u01b0\u1ee3ng c\u1ee7a tinh khi\u1ebft v\u00e0 \u00fd ch\u00ed v\u01b0\u01a1n l\u00ean m\u1ea1nh m\u1ebd,\u00a0 v\u00f2ng tay <\/span><\/span><b data-path-to-node=\"3\" data-index-in-node=\"227\"><span dir=\"auto\" style=\"vertical-align: inherit;\"><span dir=\"auto\" style=\"vertical-align: inherit;\">\u201cLi\u00ean C\u00e1t Di\u1ec7u\u201d<\/span><\/span><\/b><span dir=\"auto\" style=\"vertical-align: inherit;\"><span dir=\"auto\" style=\"vertical-align: inherit;\"> ch\u00ednh l\u00e0 m\u00f3n qu\u00e0 tinh th\u1ea7n d\u00e0nh ri\u00eang cho nh\u1eefng ng\u01b0\u1eddi ph\u1ee5 n\u1eef ng\u1ecdc tr\u1ecdng v\u1ebb \u0111\u1eb9p thanh cao v\u00e0 nh\u00e3 nh\u1eb7n.<\/span><\/span><\/p>\n<p data-path-to-node=\"4\">Th\u00f4ng s\u1ed1 k\u1ef9 thu\u1eadt:<\/p>\n<p data-path-to-node=\"4\">Ch\u1ea5t li\u1ec7u: B\u1ea1c S925 ph\u1ee7 v\u00e0ng h\u1ed3ng cao c\u1ea5p.<\/p>\n<p data-path-to-node=\"5,1,0\">\u0110i\u1ec3m nh\u1ea5n: Kh\u1ea3m x\u00e0 c\u1eeb thi\u00ean nhi\u00ean, Kim c\u01b0\u01a1ng nh\u00e2n t\u1ea1o.<\/p>\n<p data-path-to-node=\"5,2,0\">K\u00edch th\u01b0\u1edbc: D\u00e2y d\u00e0i 15cm + 3cm x\u00edch ch\u1edd t\u00f9y ch\u1ec9nh.<\/p>\n","protected":false},"featured_media":141,"comment_status":"open","ping_status":"closed","template":"","meta":[],"product_brand":[],"product_cat":[42,41,27,40],"product_tag":[],"class_list":{"0":"post-298","1":"product","2":"type-product","3":"status-publish","4":"has-post-thumbnail","6":"product_cat-bo-suu-tap-van-cu-chuong","7":"product_cat-lien-cat-dieu","8":"product_cat-tat-ca-san-pham","9":"product_cat-vong-tay","11":"first","12":"instock","13":"featured","14":"shipping-taxable","15":"purchasable","16":"product-type-simple"},"yoast_head":"<!-- This site is optimized with the Yoast SEO plugin v27.1.1 - https:\/\/yoast.com\/product\/yoast-seo-wordpress\/ -->\n<title>V\u00f2ng Li\u00ean C\u00e1t Di\u1ec7u - GENZiii<\/title>\n<meta name=\"description\" content=\"M\u1ed7i g\u00f3c \u0111\u1ed9 s\u00e1ng kh\u00e1c nhau, l\u1edbp x\u00e0 c\u1eeb s\u1ebd ph\u1ea3n chi\u1ebfu nh\u1eefng d\u1ea3i m\u00e0u t\u1eeb tr\u1eafng b\u1ea1c, h\u1ed3ng nh\u1ea1t \u0111\u1ebfn xanh d\u1ecbu m\u1eaft, t\u1ea1o n\u00ean chi\u1ec1u s\u00e2u th\u1ecb gi\u00e1c g\u00f3c cu\u1ed1n cu\u1ed1n.\" \/>\n<meta name=\"robots\" content=\"index, follow, max-snippet:-1, max-image-preview:large, max-video-preview:-1\" \/>\n<link rel=\"canonical\" href=\"https:\/\/genziii.azdigi.shop\/index.php\/product\/vong-lien-cat-dieu\/\" \/>\n<meta property=\"og:locale\" content=\"en_US\" \/>\n<meta property=\"og:type\" content=\"article\" \/>\n<meta property=\"og:title\" content=\"V\u00f2ng Li\u00ean C\u00e1t Di\u1ec7u - GENZiii\" \/>\n<meta property=\"og:description\" content=\"M\u1ed7i g\u00f3c \u0111\u1ed9 s\u00e1ng kh\u00e1c nhau, l\u1edbp x\u00e0 c\u1eeb s\u1ebd ph\u1ea3n chi\u1ebfu nh\u1eefng d\u1ea3i m\u00e0u t\u1eeb tr\u1eafng b\u1ea1c, h\u1ed3ng nh\u1ea1t \u0111\u1ebfn xanh d\u1ecbu m\u1eaft, t\u1ea1o n\u00ean chi\u1ec1u s\u00e2u th\u1ecb gi\u00e1c g\u00f3c cu\u1ed1n cu\u1ed1n.\" \/>\n<meta property=\"og:url\" content=\"https:\/\/genziii.azdigi.shop\/index.php\/product\/vong-lien-cat-dieu\/\" \/>\n<meta property=\"og:site_name\" content=\"GENZiii\" \/>\n<meta property=\"article:modified_time\" content=\"2026-04-04T15:31:08+00:00\" \/>\n<meta property=\"og:image\" content=\"https:\/\/genziii.azdigi.shop\/wp-content\/uploads\/2026\/03\/vong-1.2.png\" \/>\n\t<meta property=\"og:image:width\" content=\"910\" \/>\n\t<meta property=\"og:image:height\" content=\"768\" \/>\n\t<meta property=\"og:image:type\" content=\"image\/png\" \/>\n<meta name=\"twitter:card\" content=\"summary_large_image\" \/>\n<meta name=\"twitter:label1\" content=\"Est. reading time\" \/>\n\t<meta name=\"twitter:data1\" content=\"3 minutes\" \/>\n<script type=\"application\/ld+json\" class=\"yoast-schema-graph\">{\"@context\":\"https:\/\/schema.org\",\"@graph\":[{\"@type\":\"WebPage\",\"@id\":\"https:\/\/genziii.azdigi.shop\/index.php\/product\/vong-lien-cat-dieu\/\",\"url\":\"https:\/\/genziii.azdigi.shop\/index.php\/product\/vong-lien-cat-dieu\/\",\"name\":\"V\u00f2ng Li\u00ean C\u00e1t Di\u1ec7u - GENZiii\",\"isPartOf\":{\"@id\":\"https:\/\/genziii.azdigi.shop\/#website\"},\"primaryImageOfPage\":{\"@id\":\"https:\/\/genziii.azdigi.shop\/index.php\/product\/vong-lien-cat-dieu\/#primaryimage\"},\"image\":{\"@id\":\"https:\/\/genziii.azdigi.shop\/index.php\/product\/vong-lien-cat-dieu\/#primaryimage\"},\"thumbnailUrl\":\"https:\/\/genziii.azdigi.shop\/wp-content\/uploads\/2026\/03\/vong-1.2.png\",\"datePublished\":\"2026-04-02T04:10:25+00:00\",\"dateModified\":\"2026-04-04T15:31:08+00:00\",\"description\":\"M\u1ed7i g\u00f3c \u0111\u1ed9 s\u00e1ng kh\u00e1c nhau, l\u1edbp x\u00e0 c\u1eeb s\u1ebd ph\u1ea3n chi\u1ebfu nh\u1eefng d\u1ea3i m\u00e0u t\u1eeb tr\u1eafng b\u1ea1c, h\u1ed3ng nh\u1ea1t \u0111\u1ebfn xanh d\u1ecbu m\u1eaft, t\u1ea1o n\u00ean chi\u1ec1u s\u00e2u th\u1ecb gi\u00e1c g\u00f3c cu\u1ed1n cu\u1ed1n.\",\"breadcrumb\":{\"@id\":\"https:\/\/genziii.azdigi.shop\/index.php\/product\/vong-lien-cat-dieu\/#breadcrumb\"},\"inLanguage\":\"en-US\",\"potentialAction\":[{\"@type\":\"ReadAction\",\"target\":[\"https:\/\/genziii.azdigi.shop\/index.php\/product\/vong-lien-cat-dieu\/\"]}]},{\"@type\":\"ImageObject\",\"inLanguage\":\"en-US\",\"@id\":\"https:\/\/genziii.azdigi.shop\/index.php\/product\/vong-lien-cat-dieu\/#primaryimage\",\"url\":\"https:\/\/genziii.azdigi.shop\/wp-content\/uploads\/2026\/03\/vong-1.2.png\",\"contentUrl\":\"https:\/\/genziii.azdigi.shop\/wp-content\/uploads\/2026\/03\/vong-1.2.png\",\"width\":910,\"height\":768},{\"@type\":\"BreadcrumbList\",\"@id\":\"https:\/\/genziii.azdigi.shop\/index.php\/product\/vong-lien-cat-dieu\/#breadcrumb\",\"itemListElement\":[{\"@type\":\"ListItem\",\"position\":1,\"name\":\"Home\",\"item\":\"https:\/\/genziii.azdigi.shop\/\"},{\"@type\":\"ListItem\",\"position\":2,\"name\":\"Shop\",\"item\":\"https:\/\/genziii.azdigi.shop\/index.php\/shop\/\"},{\"@type\":\"ListItem\",\"position\":3,\"name\":\"V\u00f2ng Li\u00ean C\u00e1t Di\u1ec7u\"}]},{\"@type\":\"WebSite\",\"@id\":\"https:\/\/genziii.azdigi.shop\/#website\",\"url\":\"https:\/\/genziii.azdigi.shop\/\",\"name\":\"GENZiii\",\"description\":\"GENZiii\",\"potentialAction\":[{\"@type\":\"SearchAction\",\"target\":{\"@type\":\"EntryPoint\",\"urlTemplate\":\"https:\/\/genziii.azdigi.shop\/?s={search_term_string}\"},\"query-input\":{\"@type\":\"PropertyValueSpecification\",\"valueRequired\":true,\"valueName\":\"search_term_string\"}}],\"inLanguage\":\"en-US\"}]}<\/script>\n<!-- \/ Yoast SEO plugin. -->","yoast_head_json":{"title":"V\u00f2ng Li\u00ean C\u00e1t Di\u1ec7u - GENZiii","description":"M\u1ed7i g\u00f3c \u0111\u1ed9 s\u00e1ng kh\u00e1c nhau, l\u1edbp x\u00e0 c\u1eeb s\u1ebd ph\u1ea3n chi\u1ebfu nh\u1eefng d\u1ea3i m\u00e0u t\u1eeb tr\u1eafng b\u1ea1c, h\u1ed3ng nh\u1ea1t \u0111\u1ebfn xanh d\u1ecbu m\u1eaft, t\u1ea1o n\u00ean chi\u1ec1u s\u00e2u th\u1ecb gi\u00e1c g\u00f3c cu\u1ed1n cu\u1ed1n.","robots":{"index":"index","follow":"follow","max-snippet":"max-snippet:-1","max-image-preview":"max-image-preview:large","max-video-preview":"max-video-preview:-1"},"canonical":"https:\/\/genziii.azdigi.shop\/index.php\/product\/vong-lien-cat-dieu\/","og_locale":"en_US","og_type":"article","og_title":"V\u00f2ng Li\u00ean C\u00e1t Di\u1ec7u - GENZiii","og_description":"M\u1ed7i g\u00f3c \u0111\u1ed9 s\u00e1ng kh\u00e1c nhau, l\u1edbp x\u00e0 c\u1eeb s\u1ebd ph\u1ea3n chi\u1ebfu nh\u1eefng d\u1ea3i m\u00e0u t\u1eeb tr\u1eafng b\u1ea1c, h\u1ed3ng nh\u1ea1t \u0111\u1ebfn xanh d\u1ecbu m\u1eaft, t\u1ea1o n\u00ean chi\u1ec1u s\u00e2u th\u1ecb gi\u00e1c g\u00f3c cu\u1ed1n cu\u1ed1n.","og_url":"https:\/\/genziii.azdigi.shop\/index.php\/product\/vong-lien-cat-dieu\/","og_site_name":"GENZiii","article_modified_time":"2026-04-04T15:31:08+00:00","og_image":[{"width":910,"height":768,"url":"https:\/\/genziii.azdigi.shop\/wp-content\/uploads\/2026\/03\/vong-1.2.png","type":"image\/png"}],"twitter_card":"summary_large_image","twitter_misc":{"Est. reading time":"3 minutes"},"schema":{"@context":"https:\/\/schema.org","@graph":[{"@type":"WebPage","@id":"https:\/\/genziii.azdigi.shop\/index.php\/product\/vong-lien-cat-dieu\/","url":"https:\/\/genziii.azdigi.shop\/index.php\/product\/vong-lien-cat-dieu\/","name":"V\u00f2ng Li\u00ean C\u00e1t Di\u1ec7u - GENZiii","isPartOf":{"@id":"https:\/\/genziii.azdigi.shop\/#website"},"primaryImageOfPage":{"@id":"https:\/\/genziii.azdigi.shop\/index.php\/product\/vong-lien-cat-dieu\/#primaryimage"},"image":{"@id":"https:\/\/genziii.azdigi.shop\/index.php\/product\/vong-lien-cat-dieu\/#primaryimage"},"thumbnailUrl":"https:\/\/genziii.azdigi.shop\/wp-content\/uploads\/2026\/03\/vong-1.2.png","datePublished":"2026-04-02T04:10:25+00:00","dateModified":"2026-04-04T15:31:08+00:00","description":"M\u1ed7i g\u00f3c \u0111\u1ed9 s\u00e1ng kh\u00e1c nhau, l\u1edbp x\u00e0 c\u1eeb s\u1ebd ph\u1ea3n chi\u1ebfu nh\u1eefng d\u1ea3i m\u00e0u t\u1eeb tr\u1eafng b\u1ea1c, h\u1ed3ng nh\u1ea1t \u0111\u1ebfn xanh d\u1ecbu m\u1eaft, t\u1ea1o n\u00ean chi\u1ec1u s\u00e2u th\u1ecb gi\u00e1c g\u00f3c cu\u1ed1n cu\u1ed1n.","breadcrumb":{"@id":"https:\/\/genziii.azdigi.shop\/index.php\/product\/vong-lien-cat-dieu\/#breadcrumb"},"inLanguage":"en-US","potentialAction":[{"@type":"ReadAction","target":["https:\/\/genziii.azdigi.shop\/index.php\/product\/vong-lien-cat-dieu\/"]}]},{"@type":"ImageObject","inLanguage":"en-US","@id":"https:\/\/genziii.azdigi.shop\/index.php\/product\/vong-lien-cat-dieu\/#primaryimage","url":"https:\/\/genziii.azdigi.shop\/wp-content\/uploads\/2026\/03\/vong-1.2.png","contentUrl":"https:\/\/genziii.azdigi.shop\/wp-content\/uploads\/2026\/03\/vong-1.2.png","width":910,"height":768},{"@type":"BreadcrumbList","@id":"https:\/\/genziii.azdigi.shop\/index.php\/product\/vong-lien-cat-dieu\/#breadcrumb","itemListElement":[{"@type":"ListItem","position":1,"name":"Home","item":"https:\/\/genziii.azdigi.shop\/"},{"@type":"ListItem","position":2,"name":"Shop","item":"https:\/\/genziii.azdigi.shop\/index.php\/shop\/"},{"@type":"ListItem","position":3,"name":"V\u00f2ng Li\u00ean C\u00e1t Di\u1ec7u"}]},{"@type":"WebSite","@id":"https:\/\/genziii.azdigi.shop\/#website","url":"https:\/\/genziii.azdigi.shop\/","name":"GENZiii","description":"GENZiii","potentialAction":[{"@type":"SearchAction","target":{"@type":"EntryPoint","urlTemplate":"https:\/\/genziii.azdigi.shop\/?s={search_term_string}"},"query-input":{"@type":"PropertyValueSpecification","valueRequired":true,"valueName":"search_term_string"}}],"inLanguage":"en-US"}]}},"_links":{"self":[{"href":"https:\/\/genziii.azdigi.shop\/index.php\/wp-json\/wp\/v2\/product\/298","targetHints":{"allow":["GET"]}}],"collection":[{"href":"https:\/\/genziii.azdigi.shop\/index.php\/wp-json\/wp\/v2\/product"}],"about":[{"href":"https:\/\/genziii.azdigi.shop\/index.php\/wp-json\/wp\/v2\/types\/product"}],"replies":[{"embeddable":true,"href":"https:\/\/genziii.azdigi.shop\/index.php\/wp-json\/wp\/v2\/comments?post=298"}],"wp:featuredmedia":[{"embeddable":true,"href":"https:\/\/genziii.azdigi.shop\/index.php\/wp-json\/wp\/v2\/media\/141"}],"wp:attachment":[{"href":"https:\/\/genziii.azdigi.shop\/index.php\/wp-json\/wp\/v2\/media?parent=298"}],"wp:term":[{"taxonomy":"product_brand","embeddable":true,"href":"https:\/\/genziii.azdigi.shop\/index.php\/wp-json\/wp\/v2\/product_brand?post=298"},{"taxonomy":"product_cat","embeddable":true,"href":"https:\/\/genziii.azdigi.shop\/index.php\/wp-json\/wp\/v2\/product_cat?post=298"},{"taxonomy":"product_tag","embeddable":true,"href":"https:\/\/genziii.azdigi.shop\/index.php\/wp-json\/wp\/v2\/product_tag?post=298"}],"curies":[{"name":"wp","href":"https:\/\/api.w.org\/{rel}","templated":true}]}}