{"id":364,"date":"2026-04-02T08:05:04","date_gmt":"2026-04-02T08:05:04","guid":{"rendered":"https:\/\/genziii.azdigi.shop\/?post_type=product&#038;p=364"},"modified":"2026-04-04T15:30:07","modified_gmt":"2026-04-04T15:30:07","slug":"hoa-tai-langoc-tran-vien-man","status":"publish","type":"product","link":"https:\/\/genziii.azdigi.shop\/index.php\/product\/hoa-tai-langoc-tran-vien-man\/","title":{"rendered":"Hoa tai L\u00e1&#038;Ng\u1ecdc-Tr\u00e2n Vi\u00ean M\u00e3n"},"content":{"rendered":"<h4 data-path-to-node=\"4\"><img loading=\"lazy\" decoding=\"async\" class=\"size-medium wp-image-231 alignleft\" src=\"https:\/\/genziii.azdigi.shop\/wp-content\/uploads\/2026\/04\/4-300x267.png\" alt=\"\" width=\"300\" height=\"267\" srcset=\"https:\/\/genziii.azdigi.shop\/wp-content\/uploads\/2026\/04\/4-300x267.png 300w, https:\/\/genziii.azdigi.shop\/wp-content\/uploads\/2026\/04\/4-768x684.png 768w, https:\/\/genziii.azdigi.shop\/wp-content\/uploads\/2026\/04\/4-600x535.png 600w, https:\/\/genziii.azdigi.shop\/wp-content\/uploads\/2026\/04\/4.png 1019w\" sizes=\"auto, (max-width: 300px) 100vw, 300px\" \/><\/h4>\n<h4 data-path-to-node=\"4\"><strong><span dir=\"auto\" style=\"vertical-align: inherit;\"><span dir=\"auto\" style=\"vertical-align: inherit;\">C\u1ea3m h\u1ee9ng thi\u1ebft k\u1ebf t\u1eeb v\u1ebb \u0111\u1eb9p thi\u00ean nhi\u00ean<\/span><\/span><\/strong><\/h4>\n<p data-path-to-node=\"5\"><span dir=\"auto\" style=\"vertical-align: inherit;\"><span dir=\"auto\" style=\"vertical-align: inherit;\">L\u1ea5y c\u1ea3m h\u1ee9ng t\u1eeb h\u00ecnh t\u01b0\u1ee3ng &#8220;L\u00e1 v\u00e0 Ng\u1ecdc&#8221;, thi\u1ebft k\u1ebf n\u00e0y mang \u0111\u1ebfn c\u1ea3m gi\u00e1c tr\u00e0n \u0111\u1ea7y s\u1ee9c s\u1ed1ng nh\u01b0ng v\u1eabn gi\u1eef \u0111\u01b0\u1ee3c s\u1ef1 t\u0129nh l\u1eb7ng, nh\u1eb9 nh\u00e0ng. H\u00ecnh \u1ea3nh \u0111\u00f4i l\u00e1 nh\u1ecf nh\u1eafn \u00f4m vi\u00ean ng\u1ecdc trai m\u0169i li\u00ean t\u01b0\u1edfng \u0111\u1ebfn s\u1ef1 gi\u1ea3 v\u00e0 \u1ee7 c\u1ee7a v\u1ebb \u0111\u1eb9p.<\/span><\/span><\/p>\n<p data-path-to-node=\"6\"><span dir=\"auto\" style=\"vertical-align: inherit;\"><span dir=\"auto\" style=\"vertical-align: inherit;\">Ph\u1ea7n m\u00f3c treo \u0111\u01b0\u1ee3c thi\u1ebft k\u1ebf theo m\u00f3c c\u00e2u thanh m\u1ea3nh, gi\u00fap \u0111\u00f4i b\u00f4ng tai c\u00f3 \u0111\u1ed9 hoa t\u1ef1 nhi\u00ean. M\u1ed7i khi b\u1ea1n b\u01b0\u1edbc \u0111i hay nh\u1eb9 nh\u00e0ng nghi\u00eang \u0111\u1ea7u, vi\u00ean ng\u1ecdc trai s\u1ebd nh\u1eb9 nh\u00e0ng \u0111\u01b0a ra, t\u1ea1o n\u00ean m\u1ed9t nh\u1ecbp \u0111i\u1ec7u \u00eam d\u1ecbu chuy\u1ec3n, thu h\u00fat m\u1ecdi \u00e1nh nh\u00ecn v\u1ec1 ph\u00eda sau m\u1eb7t. \u0110i\u1ec3m xuy\u1ebft ngay ph\u00eda tr\u00ean l\u00e0 vi\u00ean \u0111\u00e1 qu\u00fd \u0111\u1ed1t, \u0111\u00f3ng vai tr\u00f2 nh\u01b0 m\u1ed9t \u0111i\u1ec3m t\u1ee5 s\u00e1ng, l\u00e0m h\u1ee9ng s\u00e1ng c\u1ea3 v\u00f9ng tr\u1ea3y tai v\u00e0 t\u1eafm da c\u1ee7a ch\u1ee7 s\u1edf h\u1eefu.<\/span><\/span><\/p>\n<h4 data-path-to-node=\"1\"><strong><span dir=\"auto\" style=\"vertical-align: inherit;\"><span dir=\"auto\" style=\"vertical-align: inherit;\">\u0110\u00e1nh th\u1ee9c v\u1ebb \u0111\u1eb9p \u0111\u1ebd sa t\u1eeb thi\u00ean nhi\u00ean<\/span><\/span><\/strong><\/h4>\n<p data-path-to-node=\"2\"><span dir=\"auto\" style=\"vertical-align: inherit;\"><span dir=\"auto\" style=\"vertical-align: inherit;\">L\u1ea5y c\u1ea3m h\u1ee9ng t\u1eeb v\u1ebb \u0111\u1eb9p v\u0129nh c\u1eedu c\u1ee7a nh\u1eefng nh\u00e0nh l\u00e1 trong s\u01b0\u01a1ng s\u1edbm, \u0111\u00f4i b\u00f4ng tai n\u00e0y \u0111\u01b0\u1ee3c thi\u1ebft k\u1ebf t\u1ec9 t\u1ec9 \u0111\u1ec3 t\u00f4n vinh s\u1ef1 n\u1eef t\u00ednh. \u0110i\u1ec3m nh\u1ea5n trung t\u00e2m l\u00e0 hai vi\u00ean ng\u1ecdc trai n\u01b0\u1edbc tinh khi\u1ebft kh\u00f4i ph\u1ee5c v\u1edbi ki\u1ec3u d\u00e1ng tr\u00f2n \u0111\u1ec1u v\u00e0 \u0111\u1ed9 b\u00f3ng ho\u00e0n h\u1ea3o. Ng\u1ecdc trai t\u1eeb l\u00e2u \u0111\u00e3 \u0111\u01b0\u1ee3c m\u1ec7nh danh l\u00e0 &#8220;nh\u1ea5t h\u1eadu&#8221; trong th\u1ebf gi\u1edbi \u0111\u00e1 qu\u00fd, t\u01b0\u1ee3ng tr\u01b0ng cho s\u1ef1 tinh khi\u1ebft, qu\u00fd ph\u00e1i v\u00e0 mang l\u1ea1i n\u0103ng l\u01b0\u1ee3ng t\u00edch c\u1ef1c cho ch\u1ee7 nh\u00e2n.<\/span><\/span><\/p>\n<p data-path-to-node=\"3\"><span dir=\"auto\" style=\"vertical-align: inherit;\"><span dir=\"auto\" style=\"vertical-align: inherit;\">Ph\u1ea7n khung \u0111\u01b0\u1ee3c ch\u1ebf t\u00e1c t\u1eeb ch\u1ea5t li\u1ec7u h\u1ee3p kim kim cao c\u1ea5p m\u1ea1 v\u00e0ng 18K, t\u1ea1o n\u00ean s\u1eafc t\u1ed1 kim r\u1ea1ng r\u1ee1 v\u00e0 \u1ea5m \u00e1p. S\u1ef1 k\u1ebft h\u1ee3p gi\u1eefa t\u00f4ng v\u00e0ng sang tr\u1ecdng v\u00e0 s\u1eafc tr\u1eafng th\u01b0\u01a1ng m\u1ea1i c\u1ee7a ng\u1ecdc trai t\u1ea1o n\u00ean m\u1ed9t giao di\u1ec7n m\u00e0u s\u1eafc h\u00e0i h\u00f2a d\u1ec5 d\u00e0ng l\u00e0m n\u1ed5i b\u1eadt m\u1ecdi t\u00f4ng da. Vi\u00ean ng\u1ecdc qu\u00fd l\u00e0 chi ti\u1ebft hai chi\u1ebfc l\u00e1 \u0111\u01b0\u1ee3c gi\u1ea3i quy\u1ebft tinh th\u1ea7n, \u0111\u00ednh k\u00e8m th\u00eam vi\u00ean \u0111\u00e1 Cubic Zirconia \u0111\u1ed1t nh\u01b0 ng\u1ecdc ng\u1ecdc mai, gi\u00fap \u0111\u00f4i b\u00f4ng tai b\u1eaft s\u00e1ng tuy\u1ec7t v\u1eddi theo t\u1eebng chuy\u1ec3n \u0111\u1ed9ng c\u1ee7a b\u1ea1n.<\/span><\/span><\/p>\n<p data-path-to-node=\"1\"><strong><span dir=\"auto\" style=\"vertical-align: inherit;\"><span dir=\"auto\" style=\"vertical-align: inherit;\">Nguy\u00ean t\u1eafc v\u00e0ng b\u1ea3o qu\u1ea3n Ng\u1ecdc trai:<\/span><\/span><\/strong><\/p>\n<ol start=\"1\" data-path-to-node=\"2\">\n<li>\n<p data-path-to-node=\"2,0,0\"><b data-path-to-node=\"2,0,0\" data-index-in-node=\"0\"><span dir=\"auto\" style=\"vertical-align: inherit;\"><span dir=\"auto\" style=\"vertical-align: inherit;\">Quy t\u1eafc &#8220;Sau c\u00f9ng &amp; \u0110\u1ea7u ti\u00ean&#8221;:<\/span><\/span><\/b><span dir=\"auto\" style=\"vertical-align: inherit;\"><span dir=\"auto\" style=\"vertical-align: inherit;\"> Lu\u00f4n \u0111eo b\u00f4ng tai <\/span><\/span><b data-path-to-node=\"2,0,0\" data-index-in-node=\"49\"><span dir=\"auto\" style=\"vertical-align: inherit;\"><span dir=\"auto\" style=\"vertical-align: inherit;\">sau c\u00f9ng<\/span><\/span><\/b><span dir=\"auto\" style=\"vertical-align: inherit;\"><span dir=\"auto\" style=\"vertical-align: inherit;\"> (sau khi trang \u0111i\u1ec3m, n\u01b0\u1edbc hoa) v\u00e0 r\u00fat ra <\/span><\/span><b data-path-to-node=\"2,0,0\" data-index-in-node=\"100\"><span dir=\"auto\" style=\"vertical-align: inherit;\"><span dir=\"auto\" style=\"vertical-align: inherit;\">\u0111\u1ea7u ti\u00ean<\/span><\/span><\/b><span dir=\"auto\" style=\"vertical-align: inherit;\"><span dir=\"auto\" style=\"vertical-align: inherit;\"> khi v\u1ec1 nh\u00e0 \u0111\u1ec3 tr\u00e1nh h\u00f3a ch\u1ea5t.<\/span><\/span><\/p>\n<\/li>\n<li>\n<p data-path-to-node=\"2,1,0\"><b data-path-to-node=\"2,1,0\" data-index-in-node=\"0\"><span dir=\"auto\" style=\"vertical-align: inherit;\"><span dir=\"auto\" style=\"vertical-align: inherit;\">Lau s\u1ea1ch sau khi \u0111eo:<\/span><\/span><\/b><span dir=\"auto\" style=\"vertical-align: inherit;\"><span dir=\"auto\" style=\"vertical-align: inherit;\"> D\u00f9ng v\u1ea3i m\u1ec1m, d\u01b0\u1ee1ng lau nh\u1eb9 b\u1ec1 m\u1eb7t ng\u1ecdc trai \u0111\u1ec3 lo\u1ea1i b\u1ecf m\u00f9i h\u00f4i v\u00e0 b\u1ee5i b\u1ea9n tr\u01b0\u1edbc khi mua s\u1eafm.<\/span><\/span><\/p>\n<\/li>\n<li>\n<p data-path-to-node=\"2,2,0\"><b data-path-to-node=\"2,2,0\" data-index-in-node=\"0\"><span dir=\"auto\" style=\"vertical-align: inherit;\"><span dir=\"auto\" style=\"vertical-align: inherit;\">Gi\u1eef ri\u00eang:<\/span><\/span><\/b><span dir=\"auto\" style=\"vertical-align: inherit;\"><span dir=\"auto\" style=\"vertical-align: inherit;\"> \u0110\u1ec3 trong h\u1ed9p nhung ho\u1eb7c t\u00fai v\u1ea3i ri\u00eang; tr\u00e1nh \u0111\u1ec3 chung v\u1edbi trang s\u1ee9c kim lo\u1ea1i tinh t\u1ebf \u0111\u1ec3 kh\u00f4ng b\u1ecb tr\u1ea7y x\u01b0\u1edbc.<\/span><\/span><\/p>\n<\/li>\n<li>\n<p data-path-to-node=\"2,3,0\"><b data-path-to-node=\"2,3,0\" data-index-in-node=\"0\"><span dir=\"auto\" style=\"vertical-align: inherit;\"><span dir=\"auto\" style=\"vertical-align: inherit;\">Tr\u00e1nh n\u01b0\u1edbc v\u00e0 nhi\u1ec7t:<\/span><\/span><\/b><span dir=\"auto\" style=\"vertical-align: inherit;\"><span dir=\"auto\" style=\"vertical-align: inherit;\"> Kh\u00f4ng \u0111eo khi \u0111i t\u1eafm, \u0111i t\u1eafm ho\u1eb7c x\u00f4ng h\u01a1i. Ng\u1ecdc trai c\u1ea7n \u0111\u1ed9 \u1ea9m t\u1ef1 nhi\u00ean nh\u01b0ng l\u1ea1i r\u1ea5t &#8220;s\u1ee3&#8221; h\u00f3a ch\u1ea5t t\u1ea9y r\u1eeda v\u00e0 nhi\u1ec7t \u0111\u1ed9 cao.<\/span><\/span><\/p>\n<\/li>\n<\/ol>\n","protected":false},"excerpt":{"rendered":"<p><span dir=\"auto\" style=\"vertical-align: inherit;\"><span dir=\"auto\" style=\"vertical-align: inherit;\"><span dir=\"auto\" style=\"vertical-align: inherit;\"><span dir=\"auto\" style=\"vertical-align: inherit;\">\u0110\u00f4i b\u00f4ng tai n\u00e0y kh\u00f4ng ch\u1ec9 gi\u00fap b\u1ea1n t\u1ecfa s\u00e1ng trong nh\u1eefng b\u1eefa ti\u1ec7c t\u1ed1i sang tr\u1ecdng m\u00e0 c\u00f2n l\u00e0 \u0111i\u1ec3m nh\u1ea5n nh\u1eb9 nh\u00e0ng cho b\u1ed9 trang ph\u1ee5c c\u00f4ng s\u1edf h\u00e0ng ng\u00e0y. \u0110\u00e2y ch\u1eafc ch\u1eafn l\u00e0 m\u00f3n qu\u00e0 tuy\u1ec7t v\u1eddi d\u00e0nh t\u1eb7ng cho b\u1ea3n th\u00e2n ho\u1eb7c nh\u1eefng ng\u01b0\u1eddi ph\u1ee5 n\u1eef y\u00eau th\u01b0\u01a1ng!<\/span><\/span><\/span><\/span><\/p>\n<h4 data-path-to-node=\"5\"><strong><span dir=\"auto\" style=\"vertical-align: inherit;\"><span dir=\"auto\" style=\"vertical-align: inherit;\">S\u1ea3n ph\u1ea9m k\u1ef9 thu\u1eadt s\u1ed1 th\u00f4ng s\u1ed1<\/span><\/span><\/strong><\/h4>\n<p data-path-to-node=\"7,0,0\"><span dir=\"auto\" style=\"vertical-align: inherit;\"><span dir=\"auto\" style=\"vertical-align: inherit;\">Ch\u1ea5t li\u1ec7u ch\u00ednh: H\u1ee3p kim cao c\u1ea5p ph\u1ee7 v\u00e0ng 18K b\u1ec1n m\u00e0u, ch\u1ed1ng oxy h\u00f3a.<\/span><\/span><\/p>\n<p data-path-to-node=\"7,1,0\"><span dir=\"auto\" style=\"vertical-align: inherit;\"><span dir=\"auto\" style=\"vertical-align: inherit;\">Lo\u1ea1i \u0111\u00e1: Ng\u1ecdc trai n\u01b0\u1edbc ng\u1ecdt t\u1ef1 nhi\u00ean, k\u00edch th\u01b0\u1edbc kho\u1ea3ng 10-12mm.<\/span><\/span><\/p>\n<p data-path-to-node=\"7,2,0\"><span dir=\"auto\" style=\"vertical-align: inherit;\"><span dir=\"auto\" style=\"vertical-align: inherit;\">\u0110\u00e1 \u0111\u00ednh k\u00e8m: \u0110\u00e1 Cubic Zirconia (CZ) nh\u00e2n t\u1ea1o \u0111\u1ed9 tinh khi\u1ebft cao, c\u1eaft m\u00e0i \u0111a di\u1ec7n.<\/span><\/span><\/p>\n<p data-path-to-node=\"7,4,0\">\n","protected":false},"featured_media":231,"comment_status":"open","ping_status":"closed","template":"","meta":[],"product_brand":[],"product_cat":[42,39,27,47],"product_tag":[],"class_list":{"0":"post-364","1":"product","2":"type-product","3":"status-publish","4":"has-post-thumbnail","6":"product_cat-bo-suu-tap-van-cu-chuong","7":"product_cat-hoa-tai","8":"product_cat-tat-ca-san-pham","9":"product_cat-tran-vien-man","11":"first","12":"instock","13":"featured","14":"shipping-taxable","15":"purchasable","16":"product-type-simple"},"yoast_head":"<!-- This site is optimized with the Yoast SEO plugin v27.1.1 - https:\/\/yoast.com\/product\/yoast-seo-wordpress\/ -->\n<title>Hoa tai L\u00e1&amp;Ng\u1ecdc-Tr\u00e2n Vi\u00ean M\u00e3n - GENZiii<\/title>\n<meta name=\"description\" content=\"Trong th\u1ebf gi\u1edbi trang s\u1ee9c, n\u1ebfu kim c\u01b0\u01a1ng \u0111\u1ea1i di\u1ec7n cho s\u1ef1 quy\u1ec1n l\u1ef1c v\u00e0 v\u0129nh c\u1eedu, th\u00ec ng\u1ecdc trai l\u1ea1i l\u00e0 bi\u1ec3u t\u01b0\u1ee3ng c\u1ee7a v\u1ebb \u0111\u1eb9p n\u1ed9i t\u00e2m, s\u1ef1 thanh l\u1ecbch v\u00e0 l\u00f2ng bao dung.\" \/>\n<meta name=\"robots\" content=\"index, follow, max-snippet:-1, max-image-preview:large, max-video-preview:-1\" \/>\n<link rel=\"canonical\" href=\"https:\/\/genziii.azdigi.shop\/index.php\/product\/hoa-tai-langoc-tran-vien-man\/\" \/>\n<meta property=\"og:locale\" content=\"en_US\" \/>\n<meta property=\"og:type\" content=\"article\" \/>\n<meta property=\"og:title\" content=\"Hoa tai L\u00e1&amp;Ng\u1ecdc-Tr\u00e2n Vi\u00ean M\u00e3n - GENZiii\" \/>\n<meta property=\"og:description\" content=\"Trong th\u1ebf gi\u1edbi trang s\u1ee9c, n\u1ebfu kim c\u01b0\u01a1ng \u0111\u1ea1i di\u1ec7n cho s\u1ef1 quy\u1ec1n l\u1ef1c v\u00e0 v\u0129nh c\u1eedu, th\u00ec ng\u1ecdc trai l\u1ea1i l\u00e0 bi\u1ec3u t\u01b0\u1ee3ng c\u1ee7a v\u1ebb \u0111\u1eb9p n\u1ed9i t\u00e2m, s\u1ef1 thanh l\u1ecbch v\u00e0 l\u00f2ng bao dung.\" \/>\n<meta property=\"og:url\" content=\"https:\/\/genziii.azdigi.shop\/index.php\/product\/hoa-tai-langoc-tran-vien-man\/\" \/>\n<meta property=\"og:site_name\" content=\"GENZiii\" \/>\n<meta property=\"article:modified_time\" content=\"2026-04-04T15:30:07+00:00\" \/>\n<meta property=\"og:image\" content=\"https:\/\/genziii.azdigi.shop\/wp-content\/uploads\/2026\/04\/4.png\" \/>\n\t<meta property=\"og:image:width\" content=\"1019\" \/>\n\t<meta property=\"og:image:height\" content=\"908\" \/>\n\t<meta property=\"og:image:type\" content=\"image\/png\" \/>\n<meta name=\"twitter:card\" content=\"summary_large_image\" \/>\n<meta name=\"twitter:label1\" content=\"Est. reading time\" \/>\n\t<meta name=\"twitter:data1\" content=\"3 minutes\" \/>\n<script type=\"application\/ld+json\" class=\"yoast-schema-graph\">{\"@context\":\"https:\/\/schema.org\",\"@graph\":[{\"@type\":\"WebPage\",\"@id\":\"https:\/\/genziii.azdigi.shop\/index.php\/product\/hoa-tai-langoc-tran-vien-man\/\",\"url\":\"https:\/\/genziii.azdigi.shop\/index.php\/product\/hoa-tai-langoc-tran-vien-man\/\",\"name\":\"Hoa tai L\u00e1&Ng\u1ecdc-Tr\u00e2n Vi\u00ean M\u00e3n - GENZiii\",\"isPartOf\":{\"@id\":\"https:\/\/genziii.azdigi.shop\/#website\"},\"primaryImageOfPage\":{\"@id\":\"https:\/\/genziii.azdigi.shop\/index.php\/product\/hoa-tai-langoc-tran-vien-man\/#primaryimage\"},\"image\":{\"@id\":\"https:\/\/genziii.azdigi.shop\/index.php\/product\/hoa-tai-langoc-tran-vien-man\/#primaryimage\"},\"thumbnailUrl\":\"https:\/\/genziii.azdigi.shop\/wp-content\/uploads\/2026\/04\/4.png\",\"datePublished\":\"2026-04-02T08:05:04+00:00\",\"dateModified\":\"2026-04-04T15:30:07+00:00\",\"description\":\"Trong th\u1ebf gi\u1edbi trang s\u1ee9c, n\u1ebfu kim c\u01b0\u01a1ng \u0111\u1ea1i di\u1ec7n cho s\u1ef1 quy\u1ec1n l\u1ef1c v\u00e0 v\u0129nh c\u1eedu, th\u00ec ng\u1ecdc trai l\u1ea1i l\u00e0 bi\u1ec3u t\u01b0\u1ee3ng c\u1ee7a v\u1ebb \u0111\u1eb9p n\u1ed9i t\u00e2m, s\u1ef1 thanh l\u1ecbch v\u00e0 l\u00f2ng bao dung.\",\"breadcrumb\":{\"@id\":\"https:\/\/genziii.azdigi.shop\/index.php\/product\/hoa-tai-langoc-tran-vien-man\/#breadcrumb\"},\"inLanguage\":\"en-US\",\"potentialAction\":[{\"@type\":\"ReadAction\",\"target\":[\"https:\/\/genziii.azdigi.shop\/index.php\/product\/hoa-tai-langoc-tran-vien-man\/\"]}]},{\"@type\":\"ImageObject\",\"inLanguage\":\"en-US\",\"@id\":\"https:\/\/genziii.azdigi.shop\/index.php\/product\/hoa-tai-langoc-tran-vien-man\/#primaryimage\",\"url\":\"https:\/\/genziii.azdigi.shop\/wp-content\/uploads\/2026\/04\/4.png\",\"contentUrl\":\"https:\/\/genziii.azdigi.shop\/wp-content\/uploads\/2026\/04\/4.png\",\"width\":1019,\"height\":908},{\"@type\":\"BreadcrumbList\",\"@id\":\"https:\/\/genziii.azdigi.shop\/index.php\/product\/hoa-tai-langoc-tran-vien-man\/#breadcrumb\",\"itemListElement\":[{\"@type\":\"ListItem\",\"position\":1,\"name\":\"Home\",\"item\":\"https:\/\/genziii.azdigi.shop\/\"},{\"@type\":\"ListItem\",\"position\":2,\"name\":\"Shop\",\"item\":\"https:\/\/genziii.azdigi.shop\/index.php\/shop\/\"},{\"@type\":\"ListItem\",\"position\":3,\"name\":\"Hoa tai L\u00e1&#038;Ng\u1ecdc-Tr\u00e2n Vi\u00ean M\u00e3n\"}]},{\"@type\":\"WebSite\",\"@id\":\"https:\/\/genziii.azdigi.shop\/#website\",\"url\":\"https:\/\/genziii.azdigi.shop\/\",\"name\":\"GENZiii\",\"description\":\"GENZiii\",\"potentialAction\":[{\"@type\":\"SearchAction\",\"target\":{\"@type\":\"EntryPoint\",\"urlTemplate\":\"https:\/\/genziii.azdigi.shop\/?s={search_term_string}\"},\"query-input\":{\"@type\":\"PropertyValueSpecification\",\"valueRequired\":true,\"valueName\":\"search_term_string\"}}],\"inLanguage\":\"en-US\"}]}<\/script>\n<!-- \/ Yoast SEO plugin. -->","yoast_head_json":{"title":"Hoa tai L\u00e1&Ng\u1ecdc-Tr\u00e2n Vi\u00ean M\u00e3n - GENZiii","description":"Trong th\u1ebf gi\u1edbi trang s\u1ee9c, n\u1ebfu kim c\u01b0\u01a1ng \u0111\u1ea1i di\u1ec7n cho s\u1ef1 quy\u1ec1n l\u1ef1c v\u00e0 v\u0129nh c\u1eedu, th\u00ec ng\u1ecdc trai l\u1ea1i l\u00e0 bi\u1ec3u t\u01b0\u1ee3ng c\u1ee7a v\u1ebb \u0111\u1eb9p n\u1ed9i t\u00e2m, s\u1ef1 thanh l\u1ecbch v\u00e0 l\u00f2ng bao dung.","robots":{"index":"index","follow":"follow","max-snippet":"max-snippet:-1","max-image-preview":"max-image-preview:large","max-video-preview":"max-video-preview:-1"},"canonical":"https:\/\/genziii.azdigi.shop\/index.php\/product\/hoa-tai-langoc-tran-vien-man\/","og_locale":"en_US","og_type":"article","og_title":"Hoa tai L\u00e1&Ng\u1ecdc-Tr\u00e2n Vi\u00ean M\u00e3n - GENZiii","og_description":"Trong th\u1ebf gi\u1edbi trang s\u1ee9c, n\u1ebfu kim c\u01b0\u01a1ng \u0111\u1ea1i di\u1ec7n cho s\u1ef1 quy\u1ec1n l\u1ef1c v\u00e0 v\u0129nh c\u1eedu, th\u00ec ng\u1ecdc trai l\u1ea1i l\u00e0 bi\u1ec3u t\u01b0\u1ee3ng c\u1ee7a v\u1ebb \u0111\u1eb9p n\u1ed9i t\u00e2m, s\u1ef1 thanh l\u1ecbch v\u00e0 l\u00f2ng bao dung.","og_url":"https:\/\/genziii.azdigi.shop\/index.php\/product\/hoa-tai-langoc-tran-vien-man\/","og_site_name":"GENZiii","article_modified_time":"2026-04-04T15:30:07+00:00","og_image":[{"width":1019,"height":908,"url":"https:\/\/genziii.azdigi.shop\/wp-content\/uploads\/2026\/04\/4.png","type":"image\/png"}],"twitter_card":"summary_large_image","twitter_misc":{"Est. reading time":"3 minutes"},"schema":{"@context":"https:\/\/schema.org","@graph":[{"@type":"WebPage","@id":"https:\/\/genziii.azdigi.shop\/index.php\/product\/hoa-tai-langoc-tran-vien-man\/","url":"https:\/\/genziii.azdigi.shop\/index.php\/product\/hoa-tai-langoc-tran-vien-man\/","name":"Hoa tai L\u00e1&Ng\u1ecdc-Tr\u00e2n Vi\u00ean M\u00e3n - GENZiii","isPartOf":{"@id":"https:\/\/genziii.azdigi.shop\/#website"},"primaryImageOfPage":{"@id":"https:\/\/genziii.azdigi.shop\/index.php\/product\/hoa-tai-langoc-tran-vien-man\/#primaryimage"},"image":{"@id":"https:\/\/genziii.azdigi.shop\/index.php\/product\/hoa-tai-langoc-tran-vien-man\/#primaryimage"},"thumbnailUrl":"https:\/\/genziii.azdigi.shop\/wp-content\/uploads\/2026\/04\/4.png","datePublished":"2026-04-02T08:05:04+00:00","dateModified":"2026-04-04T15:30:07+00:00","description":"Trong th\u1ebf gi\u1edbi trang s\u1ee9c, n\u1ebfu kim c\u01b0\u01a1ng \u0111\u1ea1i di\u1ec7n cho s\u1ef1 quy\u1ec1n l\u1ef1c v\u00e0 v\u0129nh c\u1eedu, th\u00ec ng\u1ecdc trai l\u1ea1i l\u00e0 bi\u1ec3u t\u01b0\u1ee3ng c\u1ee7a v\u1ebb \u0111\u1eb9p n\u1ed9i t\u00e2m, s\u1ef1 thanh l\u1ecbch v\u00e0 l\u00f2ng bao dung.","breadcrumb":{"@id":"https:\/\/genziii.azdigi.shop\/index.php\/product\/hoa-tai-langoc-tran-vien-man\/#breadcrumb"},"inLanguage":"en-US","potentialAction":[{"@type":"ReadAction","target":["https:\/\/genziii.azdigi.shop\/index.php\/product\/hoa-tai-langoc-tran-vien-man\/"]}]},{"@type":"ImageObject","inLanguage":"en-US","@id":"https:\/\/genziii.azdigi.shop\/index.php\/product\/hoa-tai-langoc-tran-vien-man\/#primaryimage","url":"https:\/\/genziii.azdigi.shop\/wp-content\/uploads\/2026\/04\/4.png","contentUrl":"https:\/\/genziii.azdigi.shop\/wp-content\/uploads\/2026\/04\/4.png","width":1019,"height":908},{"@type":"BreadcrumbList","@id":"https:\/\/genziii.azdigi.shop\/index.php\/product\/hoa-tai-langoc-tran-vien-man\/#breadcrumb","itemListElement":[{"@type":"ListItem","position":1,"name":"Home","item":"https:\/\/genziii.azdigi.shop\/"},{"@type":"ListItem","position":2,"name":"Shop","item":"https:\/\/genziii.azdigi.shop\/index.php\/shop\/"},{"@type":"ListItem","position":3,"name":"Hoa tai L\u00e1&#038;Ng\u1ecdc-Tr\u00e2n Vi\u00ean M\u00e3n"}]},{"@type":"WebSite","@id":"https:\/\/genziii.azdigi.shop\/#website","url":"https:\/\/genziii.azdigi.shop\/","name":"GENZiii","description":"GENZiii","potentialAction":[{"@type":"SearchAction","target":{"@type":"EntryPoint","urlTemplate":"https:\/\/genziii.azdigi.shop\/?s={search_term_string}"},"query-input":{"@type":"PropertyValueSpecification","valueRequired":true,"valueName":"search_term_string"}}],"inLanguage":"en-US"}]}},"_links":{"self":[{"href":"https:\/\/genziii.azdigi.shop\/index.php\/wp-json\/wp\/v2\/product\/364","targetHints":{"allow":["GET"]}}],"collection":[{"href":"https:\/\/genziii.azdigi.shop\/index.php\/wp-json\/wp\/v2\/product"}],"about":[{"href":"https:\/\/genziii.azdigi.shop\/index.php\/wp-json\/wp\/v2\/types\/product"}],"replies":[{"embeddable":true,"href":"https:\/\/genziii.azdigi.shop\/index.php\/wp-json\/wp\/v2\/comments?post=364"}],"wp:featuredmedia":[{"embeddable":true,"href":"https:\/\/genziii.azdigi.shop\/index.php\/wp-json\/wp\/v2\/media\/231"}],"wp:attachment":[{"href":"https:\/\/genziii.azdigi.shop\/index.php\/wp-json\/wp\/v2\/media?parent=364"}],"wp:term":[{"taxonomy":"product_brand","embeddable":true,"href":"https:\/\/genziii.azdigi.shop\/index.php\/wp-json\/wp\/v2\/product_brand?post=364"},{"taxonomy":"product_cat","embeddable":true,"href":"https:\/\/genziii.azdigi.shop\/index.php\/wp-json\/wp\/v2\/product_cat?post=364"},{"taxonomy":"product_tag","embeddable":true,"href":"https:\/\/genziii.azdigi.shop\/index.php\/wp-json\/wp\/v2\/product_tag?post=364"}],"curies":[{"name":"wp","href":"https:\/\/api.w.org\/{rel}","templated":true}]}}