{"id":429,"date":"2026-04-04T14:59:40","date_gmt":"2026-04-04T14:59:40","guid":{"rendered":"https:\/\/genziii.azdigi.shop\/?post_type=product&#038;p=429"},"modified":"2026-04-04T15:27:17","modified_gmt":"2026-04-04T15:27:17","slug":"hoa-tai-kieu-ky","status":"publish","type":"product","link":"https:\/\/genziii.azdigi.shop\/index.php\/product\/hoa-tai-kieu-ky\/","title":{"rendered":"Hoa tai &#8211; Ki\u00eau K\u1ef3"},"content":{"rendered":"<h4 data-path-to-node=\"5\"><img loading=\"lazy\" decoding=\"async\" class=\"size-medium wp-image-430 alignleft\" src=\"https:\/\/genziii.azdigi.shop\/wp-content\/uploads\/2026\/04\/4-1-240x300.jpg\" alt=\"\" width=\"240\" height=\"300\" srcset=\"https:\/\/genziii.azdigi.shop\/wp-content\/uploads\/2026\/04\/4-1-240x300.jpg 240w, https:\/\/genziii.azdigi.shop\/wp-content\/uploads\/2026\/04\/4-1-600x750.jpg 600w, https:\/\/genziii.azdigi.shop\/wp-content\/uploads\/2026\/04\/4-1.jpg 736w\" sizes=\"auto, (max-width: 240px) 100vw, 240px\" \/><\/h4>\n<h4 data-path-to-node=\"5\"><b data-path-to-node=\"5\" data-index-in-node=\"3\"><span dir=\"auto\" style=\"vertical-align: inherit;\"><span dir=\"auto\" style=\"vertical-align: inherit;\"><span dir=\"auto\" style=\"vertical-align: inherit;\"><span dir=\"auto\" style=\"vertical-align: inherit;\">Thi\u1ebft k\u1ebf tinh trong t\u1eebng chi ti\u1ebft<\/span><\/span><\/span><\/span><\/b><\/h4>\n<p data-path-to-node=\"6\"><span dir=\"auto\" style=\"vertical-align: inherit;\"><span dir=\"auto\" style=\"vertical-align: inherit;\"><span dir=\"auto\" style=\"vertical-align: inherit;\"><span dir=\"auto\" style=\"vertical-align: inherit;\">\u0110\u00f4i b\u00f4ng tai l\u00e0 s\u1ef1 k\u1ebft h\u1ee3p ho\u00e0n h\u1ea3o gi\u1eefa n\u00e9t c\u1ed5 \u0111i\u1ec3n v\u00e0 h\u01a1i th\u1edf hi\u1ec7n \u0111\u1ea1i. Ph\u1ea7n khuy\u00ean tr\u00f2n (huggie) \u0111\u01b0\u1ee3c \u0111\u00ednh \u0111\u00e1 vi\u00ean CZ cao c\u1ea5p theo c\u1ee5m, t\u1ea1o hi\u1ec7u \u1ee9ng t\u1ecfa s\u00e1ng r\u1ef1c r\u1ee1 ngay s\u00e1t v\u00e0nh tai. \u0110i\u1ec3m nh\u1ea5n gi\u00e1 ch\u00ednh l\u00e0 s\u1ee3i d\u00e2y hoang thanh m\u1ea3nh th\u1ea3nh th\u01a1i nh\u1eb9 nh\u00e0ng, k\u1ebft th\u00fac b\u1eb1ng m\u1ed9t vi\u00ean \u0111\u00e1 <\/span><\/span><\/span><\/span><b data-path-to-node=\"6\" data-index-in-node=\"292\"><span dir=\"auto\" style=\"vertical-align: inherit;\"><span dir=\"auto\" style=\"vertical-align: inherit;\"><span dir=\"auto\" style=\"vertical-align: inherit;\"><span dir=\"auto\" style=\"vertical-align: inherit;\">hoa sen n\u01b0\u1edbc<\/span><\/span><\/span><\/span><\/b><span dir=\"auto\" style=\"vertical-align: inherit;\"><span dir=\"auto\" style=\"vertical-align: inherit;\"><span dir=\"auto\" style=\"vertical-align: inherit;\"><span dir=\"auto\" style=\"vertical-align: inherit;\"> tinh kh\u00f4i.<\/span><\/span><\/span><\/span><\/p>\n<p data-path-to-node=\"7\"><span dir=\"auto\" style=\"vertical-align: inherit;\"><span dir=\"auto\" style=\"vertical-align: inherit;\"><span dir=\"auto\" style=\"vertical-align: inherit;\"><span dir=\"auto\" style=\"vertical-align: inherit;\">M\u1ed7i khi b\u1ea1n chuy\u1ec3n \u0111\u1ed9ng, s\u1ee3i x\u00edch nh\u1ecf s\u1ebd \u0111\u01b0\u1ee3c \u0111\u01b0a v\u00e0o m\u00f4-\u0111un, \u0111\u1ed9 s\u00e1ng ph\u1ea3n chi\u1ebfu v\u00e0 t\u1ea1o ra n\u00ean m\u1ed9t cu\u1ed1n s\u00e1ch kh\u00f3 \u0111\u01b0\u1ee3c khuy\u1ebfn kh\u00edch. \u0110\u00e2y kh\u00f4ng ch\u1ec9 l\u00e0 m\u1ed9t m\u00f3n trang s\u1ee9c m\u00e0 l\u00e0 &#8220;tr\u1ee3 th\u1ee7&#8221; \u0111\u1ea1t n\u0103ng l\u1ef1c gi\u00fap b\u1ea1n tr\u1edf n\u00ean ph\u1ea5n s\u00e1ng v\u00e0 thanh tho\u00e1t h\u01a1n.<\/span><\/span><\/span><\/span><\/p>\n<h4 data-path-to-node=\"7\"><b data-path-to-node=\"8\" data-index-in-node=\"2\"><span dir=\"auto\" style=\"vertical-align: inherit;\"><span dir=\"auto\" style=\"vertical-align: inherit;\"><span dir=\"auto\" style=\"vertical-align: inherit;\"><span dir=\"auto\" style=\"vertical-align: inherit;\">Phong c\u00e1ch \u0111a d\u1ea1ng cho m\u1ecdi d\u1ecbp<\/span><\/span><\/span><\/span><\/b><\/h4>\n<p data-path-to-node=\"9\"><span dir=\"auto\" style=\"vertical-align: inherit;\"><span dir=\"auto\" style=\"vertical-align: inherit;\"><span dir=\"auto\" style=\"vertical-align: inherit;\"><span dir=\"auto\" style=\"vertical-align: inherit;\">D\u00f9 b\u1ea1n \u0111ang di\u1ec7n m\u1ed9t chi\u1ebfc v\u00e1y l\u1ee5a th\u01b0\u1edbt tha trong b\u1eefa ti\u1ec7c t\u1ed1i hay ch\u1ec9 \u0111\u01a1n gi\u1ea3n l\u00e0 b\u1ed9 \u0111\u1ed3 c\u00f4ng s\u1edf th\u00e0nh l\u1ecbch, \u0111\u00f4i b\u00f4ng tai n\u00e0y v\u1eabn lu\u00f4n bi\u1ebft c\u00e1ch l\u00e0m b\u1ea1n n\u1ed5i b\u1eadt:<\/span><\/span><\/span><\/span><\/p>\n<ul data-path-to-node=\"10\">\n<li>\n<p data-path-to-node=\"10,0,0\"><b data-path-to-node=\"10,0,0\" data-index-in-node=\"0\"><span dir=\"auto\" style=\"vertical-align: inherit;\"><span dir=\"auto\" style=\"vertical-align: inherit;\"><span dir=\"auto\" style=\"vertical-align: inherit;\"><span dir=\"auto\" style=\"vertical-align: inherit;\">\u0110i ti\u1ec7c:<\/span><\/span><\/span><\/span><\/b><span dir=\"auto\" style=\"vertical-align: inherit;\"><span dir=\"auto\" style=\"vertical-align: inherit;\"><span dir=\"auto\" style=\"vertical-align: inherit;\"><span dir=\"auto\" style=\"vertical-align: inherit;\"> K\u1ebft h\u1ee3p c\u00f9ng l\u00fac r\u1ea3nh r\u1ed7i \u0111\u1ec3 t\u00f4n vinh v\u00f9ng c\u1ed5 v\u00e0 x\u01b0\u01a1ng quai xanh quy\u1ebfn r\u0169.<\/span><\/span><\/span><\/span><\/p>\n<\/li>\n<li>\n<p data-path-to-node=\"10,1,0\"><b data-path-to-node=\"10,1,0\" data-index-in-node=\"0\"><span dir=\"auto\" style=\"vertical-align: inherit;\"><span dir=\"auto\" style=\"vertical-align: inherit;\"><span dir=\"auto\" style=\"vertical-align: inherit;\"><span dir=\"auto\" style=\"vertical-align: inherit;\">H\u1eb9n h\u00f2:<\/span><\/span><\/span><\/span><\/b><span dir=\"auto\" style=\"vertical-align: inherit;\"><span dir=\"auto\" style=\"vertical-align: inherit;\"><span dir=\"auto\" style=\"vertical-align: inherit;\"><span dir=\"auto\" style=\"vertical-align: inherit;\"> T\u1ea1o n\u00e9t d\u1ecbu d\u00e0ng, n\u1eef t\u00ednh t\u1ea1o ng\u01b0\u1eddi \u1ea5y kh\u00f4ng th\u1ec3 r\u1eddi m\u1eaft.<\/span><\/span><\/span><\/span><\/p>\n<\/li>\n<li>\n<p data-path-to-node=\"10,2,0\"><b data-path-to-node=\"10,2,0\" data-index-in-node=\"0\"><span dir=\"auto\" style=\"vertical-align: inherit;\"><span dir=\"auto\" style=\"vertical-align: inherit;\"><span dir=\"auto\" style=\"vertical-align: inherit;\"><span dir=\"auto\" style=\"vertical-align: inherit;\">Qu\u00e0 t\u1eb7ng:<\/span><\/span><\/span><\/span><\/b><span dir=\"auto\" style=\"vertical-align: inherit;\"><span dir=\"auto\" style=\"vertical-align: inherit;\"><span dir=\"auto\" style=\"vertical-align: inherit;\"><span dir=\"auto\" style=\"vertical-align: inherit;\"> L\u00e0 s\u1ef1 l\u1ef1a ch\u1ecdn tinh t\u1ebf \u0111\u1ec3 d\u00e0nh t\u1eb7ng cho ng\u01b0\u1eddi ph\u1ee5 n\u1eef th\u00e2n y\u00eau trong nh\u1eefng d\u1ecbp \u0111\u1eb7c bi\u1ec7t.<\/span><\/span><\/span><\/span><\/p>\n<\/li>\n<\/ul>\n<h4 data-path-to-node=\"1\"><b data-path-to-node=\"1\" data-index-in-node=\"0\"><span dir=\"auto\" style=\"vertical-align: inherit;\"><span dir=\"auto\" style=\"vertical-align: inherit;\">H\u01af\u1edaNG D\u1eaaN B\u1ea2O QU\u1ea2N<\/span><\/span><\/b><\/h4>\n<ul data-path-to-node=\"2\">\n<li>\n<p data-path-to-node=\"2,0,0\"><b data-path-to-node=\"2,0,0\" data-index-in-node=\"0\"><span dir=\"auto\" style=\"vertical-align: inherit;\"><span dir=\"auto\" style=\"vertical-align: inherit;\">Tr\u00e1nh h\u00f3a ch\u1ea5t:<\/span><\/span><\/b><span dir=\"auto\" style=\"vertical-align: inherit;\"><span dir=\"auto\" style=\"vertical-align: inherit;\"> Kh\u00f4ng \u0111\u1ec3 s\u1ea3n ph\u1ea9m ti\u1ebfp x\u00fac tr\u1ef1c ti\u1ebfp v\u1edbi n\u01b0\u1edbc hoa, m\u1ef9 ph\u1ea9m, c\u1ed3n ho\u1eb7c c\u00e1c ch\u1ea5t t\u1ea9y r\u1eeda m\u1ea1nh.<\/span><\/span><\/p>\n<\/li>\n<li>\n<p data-path-to-node=\"2,1,0\"><b data-path-to-node=\"2,1,0\" data-index-in-node=\"0\"><span dir=\"auto\" style=\"vertical-align: inherit;\"><span dir=\"auto\" style=\"vertical-align: inherit;\">Kh\u1ea3 n\u0103ng ch\u1ebf n\u01b0\u1edbc:<\/span><\/span><\/b><span dir=\"auto\" style=\"vertical-align: inherit;\"><span dir=\"auto\" style=\"vertical-align: inherit;\"> N\u00ean gi\u1ea3i quy\u1ebft khi \u0111i t\u1eafm, \u0111i b\u01a1i ho\u1eb7c khi v\u1eadn \u0111\u1ed9ng ra nhi\u1ec1u m\u1ed3 h\u00f4i.<\/span><\/span><\/p>\n<\/li>\n<li>\n<p data-path-to-node=\"2,2,0\"><b data-path-to-node=\"2,2,0\" data-index-in-node=\"0\"><span dir=\"auto\" style=\"vertical-align: inherit;\"><span dir=\"auto\" style=\"vertical-align: inherit;\">L\u00e0m s\u1ea1ch:<\/span><\/span><\/b><span dir=\"auto\" style=\"vertical-align: inherit;\"><span dir=\"auto\" style=\"vertical-align: inherit;\"> Sau khi \u0111eo, d\u00f9ng kh\u0103n m\u1ec1m kh\u00f4 lau nh\u1eb9 \u0111\u1ec3 lo\u1ea1i b\u1ecf b\u1ee5i b\u1ea9n v\u00e0 d\u1ea7u m\u1ea1nh.<\/span><\/span><\/p>\n<\/li>\n<li>\n<p data-path-to-node=\"2,3,0\"><b data-path-to-node=\"2,3,0\" data-index-in-node=\"0\"><span dir=\"auto\" style=\"vertical-align: inherit;\"><span dir=\"auto\" style=\"vertical-align: inherit;\">Gi\u1eef:<\/span><\/span><\/b><span dir=\"auto\" style=\"vertical-align: inherit;\"><span dir=\"auto\" style=\"vertical-align: inherit;\"> B\u1ea3o qu\u1ea3n trong t\u00fai zip ho\u1eb7c h\u1ed9p k\u00edn khi kh\u00f4ng s\u1eed d\u1ee5ng \u0111\u1ec3 tr\u00e1nh b\u1ecb tr\u1ea7y x\u01b0\u1edbc v\u00e0 oxy h\u00f3a.<\/span><\/span><\/p>\n<\/li>\n<\/ul>\n","protected":false},"excerpt":{"rendered":"<p><span dir=\"auto\" style=\"vertical-align: inherit;\"><span dir=\"auto\" style=\"vertical-align: inherit;\"><span dir=\"auto\" style=\"vertical-align: inherit;\"><span dir=\"auto\" style=\"vertical-align: inherit;\">S\u1ea3n ph\u1ea9m \u0111\u01b0\u1ee3c ch\u1ebf t\u1ea1o t\u1eeb ch\u1ea5t li\u1ec7u h\u1ee3p kim kim cao c\u1ea5p m\u1ea1 v\u00e0ng 14K\/18K b\u1ec1n m\u00e0u, kh\u00f4ng g\u00e2y k\u00edch \u1ee9ng, gi\u00fap b\u1ea1n t\u1ef1 t\u1ecfa s\u00e1ng su\u1ed1t c\u1ea3 ng\u00e0y d\u00e0i.<\/span><\/span><\/span><\/span><\/p>\n<h4 data-path-to-node=\"1\"><span dir=\"auto\" style=\"vertical-align: inherit;\"><span dir=\"auto\" style=\"vertical-align: inherit;\">TH\u00d4NG S\u1ed0 K\u1ef8 THU\u1eacT<\/span><\/span><\/h4>\n<p data-path-to-node=\"2,1,0\"><span dir=\"auto\" style=\"vertical-align: inherit;\"><span dir=\"auto\" style=\"vertical-align: inherit;\">Ch\u1ea5t li\u1ec7u: H\u1ee3p kim cao c\u1ea5p m\u1ea1 v\u00e0ng 14K\/18K.<\/span><\/span><\/p>\n<p data-path-to-node=\"2,2,0\"><span dir=\"auto\" style=\"vertical-align: inherit;\"><span dir=\"auto\" style=\"vertical-align: inherit;\">Lo\u1ea1i \u0111\u00e1: \u0110\u00e1 Cubic Zirconia (CZ) nh\u00e2n t\u1ea1o, H\u00ecnh c\u1eaft kim c\u01b0\u01a1ng cao c\u1ea5p.<\/span><\/span><\/p>\n<p data-path-to-node=\"2,3,0\"><span dir=\"auto\" style=\"vertical-align: inherit;\"><span dir=\"auto\" style=\"vertical-align: inherit;\">Ki\u1ec3u c\u1eaft \u0111\u00e1: C\u1eaft tr\u00f2n (tr\u00f2n) v\u00e0 c\u1eaft l\u00ea (gi\u1ecdt n\u01b0\u1edbc).<\/span><\/span><\/p>\n<p data-path-to-node=\"2,4,0\"><span dir=\"auto\" style=\"vertical-align: inherit;\"><span dir=\"auto\" style=\"vertical-align: inherit;\">K\u00edch th\u01b0\u1edbc: T\u1ed5ng chi\u1ec1u d\u00e0i c\u00f3 th\u1ec3 ~3,5cm; \u0111\u01b0\u1eddng k\u00ednh \u0111\u01b0\u1ee3c khuy\u1ebfn kh\u00edch ~1,2cm.<\/span><\/span><\/p>\n<p data-path-to-node=\"2,5,0\"><span dir=\"auto\" style=\"vertical-align: inherit;\"><span dir=\"auto\" style=\"vertical-align: inherit;\">Tr\u1ecdng l\u01b0\u1ee3ng: ~2.5g\/chi\u1ebfc (si\u00eau nh\u1eb9, kh\u00f4ng g\u00e2y \u0111au tai).<\/span><\/span><\/p>\n","protected":false},"featured_media":430,"comment_status":"open","ping_status":"closed","template":"","meta":[],"product_brand":[],"product_cat":[39,27],"product_tag":[],"class_list":{"0":"post-429","1":"product","2":"type-product","3":"status-publish","4":"has-post-thumbnail","6":"product_cat-hoa-tai","7":"product_cat-tat-ca-san-pham","9":"first","10":"instock","11":"shipping-taxable","12":"purchasable","13":"product-type-simple"},"yoast_head":"<!-- This site is optimized with the Yoast SEO plugin v27.1.1 - https:\/\/yoast.com\/product\/yoast-seo-wordpress\/ -->\n<title>Hoa tai - Ki\u00eau K\u1ef3 - GENZiii<\/title>\n<meta name=\"description\" content=\"Ph\u1ee5 n\u1eef gi\u1ed1ng nh\u01b0 nh\u1eefng vi\u00ean \u0111\u00e1 qu\u00fd, m\u1ed7i ng\u01b0\u1eddi \u0111\u1ec1u s\u1edf h\u1eefu m\u1ed9t n\u00e9t l\u1ea5p l\u00e1nh ri\u00eang bi\u1ec7t. \u0110\u1ec3 t\u00f4n vinh v\u1ebb \u0111\u1eb9p thanh tao v\u00e0 sang tr\u1ecdng \u0111\u00f3 hoa tai Ki\u00eau K\u1ef3 l\u00e0 l\u1ef1a ch\u1ecdn t\u1ed1t.\" \/>\n<meta name=\"robots\" content=\"index, follow, max-snippet:-1, max-image-preview:large, max-video-preview:-1\" \/>\n<link rel=\"canonical\" href=\"https:\/\/genziii.azdigi.shop\/index.php\/product\/hoa-tai-kieu-ky\/\" \/>\n<meta property=\"og:locale\" content=\"en_US\" \/>\n<meta property=\"og:type\" content=\"article\" \/>\n<meta property=\"og:title\" content=\"Hoa tai - Ki\u00eau K\u1ef3 - GENZiii\" \/>\n<meta property=\"og:description\" content=\"Ph\u1ee5 n\u1eef gi\u1ed1ng nh\u01b0 nh\u1eefng vi\u00ean \u0111\u00e1 qu\u00fd, m\u1ed7i ng\u01b0\u1eddi \u0111\u1ec1u s\u1edf h\u1eefu m\u1ed9t n\u00e9t l\u1ea5p l\u00e1nh ri\u00eang bi\u1ec7t. \u0110\u1ec3 t\u00f4n vinh v\u1ebb \u0111\u1eb9p thanh tao v\u00e0 sang tr\u1ecdng \u0111\u00f3 hoa tai Ki\u00eau K\u1ef3 l\u00e0 l\u1ef1a ch\u1ecdn t\u1ed1t.\" \/>\n<meta property=\"og:url\" content=\"https:\/\/genziii.azdigi.shop\/index.php\/product\/hoa-tai-kieu-ky\/\" \/>\n<meta property=\"og:site_name\" content=\"GENZiii\" \/>\n<meta property=\"article:modified_time\" content=\"2026-04-04T15:27:17+00:00\" \/>\n<meta property=\"og:image\" content=\"https:\/\/genziii.azdigi.shop\/wp-content\/uploads\/2026\/04\/4-1.jpg\" \/>\n\t<meta property=\"og:image:width\" content=\"736\" \/>\n\t<meta property=\"og:image:height\" content=\"920\" \/>\n\t<meta property=\"og:image:type\" content=\"image\/jpeg\" \/>\n<meta name=\"twitter:card\" content=\"summary_large_image\" \/>\n<meta name=\"twitter:label1\" content=\"Est. reading time\" \/>\n\t<meta name=\"twitter:data1\" content=\"2 minutes\" \/>\n<script type=\"application\/ld+json\" class=\"yoast-schema-graph\">{\"@context\":\"https:\/\/schema.org\",\"@graph\":[{\"@type\":\"WebPage\",\"@id\":\"https:\/\/genziii.azdigi.shop\/index.php\/product\/hoa-tai-kieu-ky\/\",\"url\":\"https:\/\/genziii.azdigi.shop\/index.php\/product\/hoa-tai-kieu-ky\/\",\"name\":\"Hoa tai - Ki\u00eau K\u1ef3 - GENZiii\",\"isPartOf\":{\"@id\":\"https:\/\/genziii.azdigi.shop\/#website\"},\"primaryImageOfPage\":{\"@id\":\"https:\/\/genziii.azdigi.shop\/index.php\/product\/hoa-tai-kieu-ky\/#primaryimage\"},\"image\":{\"@id\":\"https:\/\/genziii.azdigi.shop\/index.php\/product\/hoa-tai-kieu-ky\/#primaryimage\"},\"thumbnailUrl\":\"https:\/\/genziii.azdigi.shop\/wp-content\/uploads\/2026\/04\/4-1.jpg\",\"datePublished\":\"2026-04-04T14:59:40+00:00\",\"dateModified\":\"2026-04-04T15:27:17+00:00\",\"description\":\"Ph\u1ee5 n\u1eef gi\u1ed1ng nh\u01b0 nh\u1eefng vi\u00ean \u0111\u00e1 qu\u00fd, m\u1ed7i ng\u01b0\u1eddi \u0111\u1ec1u s\u1edf h\u1eefu m\u1ed9t n\u00e9t l\u1ea5p l\u00e1nh ri\u00eang bi\u1ec7t. \u0110\u1ec3 t\u00f4n vinh v\u1ebb \u0111\u1eb9p thanh tao v\u00e0 sang tr\u1ecdng \u0111\u00f3 hoa tai Ki\u00eau K\u1ef3 l\u00e0 l\u1ef1a ch\u1ecdn t\u1ed1t.\",\"breadcrumb\":{\"@id\":\"https:\/\/genziii.azdigi.shop\/index.php\/product\/hoa-tai-kieu-ky\/#breadcrumb\"},\"inLanguage\":\"en-US\",\"potentialAction\":[{\"@type\":\"ReadAction\",\"target\":[\"https:\/\/genziii.azdigi.shop\/index.php\/product\/hoa-tai-kieu-ky\/\"]}]},{\"@type\":\"ImageObject\",\"inLanguage\":\"en-US\",\"@id\":\"https:\/\/genziii.azdigi.shop\/index.php\/product\/hoa-tai-kieu-ky\/#primaryimage\",\"url\":\"https:\/\/genziii.azdigi.shop\/wp-content\/uploads\/2026\/04\/4-1.jpg\",\"contentUrl\":\"https:\/\/genziii.azdigi.shop\/wp-content\/uploads\/2026\/04\/4-1.jpg\",\"width\":736,\"height\":920},{\"@type\":\"BreadcrumbList\",\"@id\":\"https:\/\/genziii.azdigi.shop\/index.php\/product\/hoa-tai-kieu-ky\/#breadcrumb\",\"itemListElement\":[{\"@type\":\"ListItem\",\"position\":1,\"name\":\"Home\",\"item\":\"https:\/\/genziii.azdigi.shop\/\"},{\"@type\":\"ListItem\",\"position\":2,\"name\":\"Shop\",\"item\":\"https:\/\/genziii.azdigi.shop\/index.php\/shop\/\"},{\"@type\":\"ListItem\",\"position\":3,\"name\":\"Hoa tai &#8211; Ki\u00eau K\u1ef3\"}]},{\"@type\":\"WebSite\",\"@id\":\"https:\/\/genziii.azdigi.shop\/#website\",\"url\":\"https:\/\/genziii.azdigi.shop\/\",\"name\":\"GENZiii\",\"description\":\"GENZiii\",\"potentialAction\":[{\"@type\":\"SearchAction\",\"target\":{\"@type\":\"EntryPoint\",\"urlTemplate\":\"https:\/\/genziii.azdigi.shop\/?s={search_term_string}\"},\"query-input\":{\"@type\":\"PropertyValueSpecification\",\"valueRequired\":true,\"valueName\":\"search_term_string\"}}],\"inLanguage\":\"en-US\"}]}<\/script>\n<!-- \/ Yoast SEO plugin. -->","yoast_head_json":{"title":"Hoa tai - Ki\u00eau K\u1ef3 - GENZiii","description":"Ph\u1ee5 n\u1eef gi\u1ed1ng nh\u01b0 nh\u1eefng vi\u00ean \u0111\u00e1 qu\u00fd, m\u1ed7i ng\u01b0\u1eddi \u0111\u1ec1u s\u1edf h\u1eefu m\u1ed9t n\u00e9t l\u1ea5p l\u00e1nh ri\u00eang bi\u1ec7t. \u0110\u1ec3 t\u00f4n vinh v\u1ebb \u0111\u1eb9p thanh tao v\u00e0 sang tr\u1ecdng \u0111\u00f3 hoa tai Ki\u00eau K\u1ef3 l\u00e0 l\u1ef1a ch\u1ecdn t\u1ed1t.","robots":{"index":"index","follow":"follow","max-snippet":"max-snippet:-1","max-image-preview":"max-image-preview:large","max-video-preview":"max-video-preview:-1"},"canonical":"https:\/\/genziii.azdigi.shop\/index.php\/product\/hoa-tai-kieu-ky\/","og_locale":"en_US","og_type":"article","og_title":"Hoa tai - Ki\u00eau K\u1ef3 - GENZiii","og_description":"Ph\u1ee5 n\u1eef gi\u1ed1ng nh\u01b0 nh\u1eefng vi\u00ean \u0111\u00e1 qu\u00fd, m\u1ed7i ng\u01b0\u1eddi \u0111\u1ec1u s\u1edf h\u1eefu m\u1ed9t n\u00e9t l\u1ea5p l\u00e1nh ri\u00eang bi\u1ec7t. \u0110\u1ec3 t\u00f4n vinh v\u1ebb \u0111\u1eb9p thanh tao v\u00e0 sang tr\u1ecdng \u0111\u00f3 hoa tai Ki\u00eau K\u1ef3 l\u00e0 l\u1ef1a ch\u1ecdn t\u1ed1t.","og_url":"https:\/\/genziii.azdigi.shop\/index.php\/product\/hoa-tai-kieu-ky\/","og_site_name":"GENZiii","article_modified_time":"2026-04-04T15:27:17+00:00","og_image":[{"width":736,"height":920,"url":"https:\/\/genziii.azdigi.shop\/wp-content\/uploads\/2026\/04\/4-1.jpg","type":"image\/jpeg"}],"twitter_card":"summary_large_image","twitter_misc":{"Est. reading time":"2 minutes"},"schema":{"@context":"https:\/\/schema.org","@graph":[{"@type":"WebPage","@id":"https:\/\/genziii.azdigi.shop\/index.php\/product\/hoa-tai-kieu-ky\/","url":"https:\/\/genziii.azdigi.shop\/index.php\/product\/hoa-tai-kieu-ky\/","name":"Hoa tai - Ki\u00eau K\u1ef3 - GENZiii","isPartOf":{"@id":"https:\/\/genziii.azdigi.shop\/#website"},"primaryImageOfPage":{"@id":"https:\/\/genziii.azdigi.shop\/index.php\/product\/hoa-tai-kieu-ky\/#primaryimage"},"image":{"@id":"https:\/\/genziii.azdigi.shop\/index.php\/product\/hoa-tai-kieu-ky\/#primaryimage"},"thumbnailUrl":"https:\/\/genziii.azdigi.shop\/wp-content\/uploads\/2026\/04\/4-1.jpg","datePublished":"2026-04-04T14:59:40+00:00","dateModified":"2026-04-04T15:27:17+00:00","description":"Ph\u1ee5 n\u1eef gi\u1ed1ng nh\u01b0 nh\u1eefng vi\u00ean \u0111\u00e1 qu\u00fd, m\u1ed7i ng\u01b0\u1eddi \u0111\u1ec1u s\u1edf h\u1eefu m\u1ed9t n\u00e9t l\u1ea5p l\u00e1nh ri\u00eang bi\u1ec7t. \u0110\u1ec3 t\u00f4n vinh v\u1ebb \u0111\u1eb9p thanh tao v\u00e0 sang tr\u1ecdng \u0111\u00f3 hoa tai Ki\u00eau K\u1ef3 l\u00e0 l\u1ef1a ch\u1ecdn t\u1ed1t.","breadcrumb":{"@id":"https:\/\/genziii.azdigi.shop\/index.php\/product\/hoa-tai-kieu-ky\/#breadcrumb"},"inLanguage":"en-US","potentialAction":[{"@type":"ReadAction","target":["https:\/\/genziii.azdigi.shop\/index.php\/product\/hoa-tai-kieu-ky\/"]}]},{"@type":"ImageObject","inLanguage":"en-US","@id":"https:\/\/genziii.azdigi.shop\/index.php\/product\/hoa-tai-kieu-ky\/#primaryimage","url":"https:\/\/genziii.azdigi.shop\/wp-content\/uploads\/2026\/04\/4-1.jpg","contentUrl":"https:\/\/genziii.azdigi.shop\/wp-content\/uploads\/2026\/04\/4-1.jpg","width":736,"height":920},{"@type":"BreadcrumbList","@id":"https:\/\/genziii.azdigi.shop\/index.php\/product\/hoa-tai-kieu-ky\/#breadcrumb","itemListElement":[{"@type":"ListItem","position":1,"name":"Home","item":"https:\/\/genziii.azdigi.shop\/"},{"@type":"ListItem","position":2,"name":"Shop","item":"https:\/\/genziii.azdigi.shop\/index.php\/shop\/"},{"@type":"ListItem","position":3,"name":"Hoa tai &#8211; Ki\u00eau K\u1ef3"}]},{"@type":"WebSite","@id":"https:\/\/genziii.azdigi.shop\/#website","url":"https:\/\/genziii.azdigi.shop\/","name":"GENZiii","description":"GENZiii","potentialAction":[{"@type":"SearchAction","target":{"@type":"EntryPoint","urlTemplate":"https:\/\/genziii.azdigi.shop\/?s={search_term_string}"},"query-input":{"@type":"PropertyValueSpecification","valueRequired":true,"valueName":"search_term_string"}}],"inLanguage":"en-US"}]}},"_links":{"self":[{"href":"https:\/\/genziii.azdigi.shop\/index.php\/wp-json\/wp\/v2\/product\/429","targetHints":{"allow":["GET"]}}],"collection":[{"href":"https:\/\/genziii.azdigi.shop\/index.php\/wp-json\/wp\/v2\/product"}],"about":[{"href":"https:\/\/genziii.azdigi.shop\/index.php\/wp-json\/wp\/v2\/types\/product"}],"replies":[{"embeddable":true,"href":"https:\/\/genziii.azdigi.shop\/index.php\/wp-json\/wp\/v2\/comments?post=429"}],"wp:featuredmedia":[{"embeddable":true,"href":"https:\/\/genziii.azdigi.shop\/index.php\/wp-json\/wp\/v2\/media\/430"}],"wp:attachment":[{"href":"https:\/\/genziii.azdigi.shop\/index.php\/wp-json\/wp\/v2\/media?parent=429"}],"wp:term":[{"taxonomy":"product_brand","embeddable":true,"href":"https:\/\/genziii.azdigi.shop\/index.php\/wp-json\/wp\/v2\/product_brand?post=429"},{"taxonomy":"product_cat","embeddable":true,"href":"https:\/\/genziii.azdigi.shop\/index.php\/wp-json\/wp\/v2\/product_cat?post=429"},{"taxonomy":"product_tag","embeddable":true,"href":"https:\/\/genziii.azdigi.shop\/index.php\/wp-json\/wp\/v2\/product_tag?post=429"}],"curies":[{"name":"wp","href":"https:\/\/api.w.org\/{rel}","templated":true}]}}