{"id":435,"date":"2026-04-04T15:15:44","date_gmt":"2026-04-04T15:15:44","guid":{"rendered":"https:\/\/genziii.azdigi.shop\/?post_type=product&#038;p=435"},"modified":"2026-04-04T15:15:44","modified_gmt":"2026-04-04T15:15:44","slug":"nhan-live","status":"publish","type":"product","link":"https:\/\/genziii.azdigi.shop\/index.php\/product\/nhan-live\/","title":{"rendered":"Nh\u1eabn &#8211; Live"},"content":{"rendered":"<h4 data-path-to-node=\"1\"><img loading=\"lazy\" decoding=\"async\" class=\"size-medium wp-image-436 alignleft\" src=\"https:\/\/genziii.azdigi.shop\/wp-content\/uploads\/2026\/04\/2-243x300.jpg\" alt=\"\" width=\"243\" height=\"300\" srcset=\"https:\/\/genziii.azdigi.shop\/wp-content\/uploads\/2026\/04\/2-243x300.jpg 243w, https:\/\/genziii.azdigi.shop\/wp-content\/uploads\/2026\/04\/2-600x742.jpg 600w, https:\/\/genziii.azdigi.shop\/wp-content\/uploads\/2026\/04\/2.jpg 640w\" sizes=\"auto, (max-width: 243px) 100vw, 243px\" \/><\/h4>\n<h4 data-path-to-node=\"1\"><strong><span dir=\"auto\" style=\"vertical-align: inherit;\"><span dir=\"auto\" style=\"vertical-align: inherit;\">S\u1ee8C H\u00daT T\u1eea S\u1ef0 T\u1ed0I GI\u1ea2N V\u00c0 N\u00c9T \u0110\u1eb8P C\u1ed4 \u0110I\u1ec2N<\/span><\/span><\/strong><\/h4>\n<p data-path-to-node=\"2\"><span dir=\"auto\" style=\"vertical-align: inherit;\"><span dir=\"auto\" style=\"vertical-align: inherit;\">Trong th\u1ebf gi\u1edbi trang s\u1ee9c hi\u1ec7n \u0111\u1ea1i, xu h\u01b0\u1edbng t\u1ed1i gi\u1ea3n hay ch\u1ee7 ngh\u0129a t\u1ed1i gi\u1ea3n d\u1ea7n d\u1ea7n s\u1eed d\u1ee5ng c\u1ea3m x\u00fac c\u1ee7a nh\u1eefng ng\u01b0\u1eddi ph\u1ee5 n\u1eef y\u00eau ki\u1ec1u. Kh\u00f4ng c\u1ea7n nh\u1eefng thi\u1ebft k\u1ebf qu\u00e1 c\u1ea7u k\u1ef3 hay t\u00e0i kho\u1ea3n, m\u1eabu nh\u1eabn \u0111\u00ednh \u0111\u00e1 h\u1ed3ng pastel m\u00e0 ch\u00fang t\u00f4i gi\u1edbi thi\u1ec7u l\u1ea7n n\u00e0y ch\u00ednh l\u00e0 minh ch\u1ee9ng cho c\u00f4ng vi\u1ec7c v\u1ebb \u0111\u1eb9p th\u1ef1c s\u1ef1 th\u01b0\u1eddng \u0111\u1ebfn t\u1eeb nh\u1eefng chi ti\u1ebft nh\u1ecf b\u00e9 v\u00e0 tinh t\u00e0n nh\u1ea5t.<\/span><\/span><\/p>\n<p data-path-to-node=\"3\"><span dir=\"auto\" style=\"vertical-align: inherit;\"><span dir=\"auto\" style=\"vertical-align: inherit;\">Thi\u1ebft k\u1ebf ch\u1ee7 \u0111\u1ea1o c\u1ee7a s\u1ea3n ph\u1ea9m t\u1eadp trung v\u00e0o thanh m\u1ea3nh c\u1ee7a v\u00f2ng nh\u1eabn, gi\u00fap t\u00f4n vinh t\u1ed1i \u0111a \u0111\u00f4i b\u00e0n tay thon g\u1ecdn c\u1ee7a ng\u01b0\u1eddi s\u1edf h\u1eefu. \u0110i\u1ec3m nh\u1ea5n trung t\u00e2m l\u00e0 s\u1ef1 k\u1ebft h\u1ee3p c\u1ee7a nh\u1eefng vi\u00ean \u0111\u00e1 qu\u00fd \u0111\u01b0\u1ee3c c\u1eaft t\u1ec9 m\u1ec9, s\u1eafp x\u1ebfp theo phong c\u00e1ch m\u1ed9t hoa nh\u1ecf \u0111ang n\u1edf r\u1ed9ng ho\u1eb7c c\u1ee5m \u0111\u00e1 \u0111\u1ed1i x\u1ee9ng truy\u1ec1n th\u1ed1ng. S\u1eafc h\u1ed3ng d\u1ecbu d\u00e0ng c\u1ee7a \u0111\u00e1 ch\u00ednh l\u00e0 linh h\u1ed3n c\u1ee7a thi\u1ebft k\u1ebf, mang l\u1ea1i c\u1ea3m gi\u00e1c \u1ea5m \u00e1p, ng\u1ecdt ng\u00e0o nh\u01b0ng kh\u00f4ng k\u00e9m ph\u1ea7n sang tr\u1ecdng.<\/span><\/span><\/p>\n<p data-path-to-node=\"4\"><span dir=\"auto\" style=\"vertical-align: inherit;\"><span dir=\"auto\" style=\"vertical-align: inherit;\">Ch\u1ea5t li\u1ec7u khung v\u00f2ng \u0111\u01b0\u1ee3c ch\u1ebf t\u1ea1o t\u1eeb h\u1ee3p kim kim cao c\u1ea5p m\u1ea1 v\u00e0ng, t\u1ea1o n\u00ean \u0111\u1ed9 b\u00f3ng ho\u00e0n h\u1ea3o v\u00e0 \u0111\u1ed9 s\u1eafc n\u00e9t t\u01b0\u01a1ng ph\u1ea3n tuy\u1ec7t v\u1eddi v\u1edbi m\u00e0u \u0111\u00e1. \u0110\u00e2y kh\u00f4ng ch\u1ec9 l\u00e0 m\u1ed9t m\u00f3n ph\u1ee5 ki\u1ec7n kh\u1edfi \u0111\u1ed9ng trang web m\u00e0 c\u00f2n l\u00e0 bi\u1ec3u t\u01b0\u1ee3ng c\u1ee7a s\u1ef1 n\u1eef t\u00ednh v\u00e0 th\u1ea9m m\u1ef9 tinh t\u1ebf. Nh\u1edd thi\u1ebft k\u1ebf m\u1ea3nh mai, b\u1ea1n c\u00f3 th\u1ec3 d\u1ec5 d\u00e0ng di\u1ec7n c\u00e1c m\u1eabu nh\u1eabn n\u00e0y h\u00e0ng ng\u00e0y khi \u0111i l\u00e0m, \u0111i h\u1ecdc ho\u1eb7c ph\u1ed1i h\u1ee3p theo phong c\u00e1ch x\u1ebfp l\u1edbp c\u00f9ng c\u00e1c m\u1eabu nh\u1eabn kh\u00e1c \u0111\u1ec3 t\u1ea1o n\u00ean d\u1ea5u \u1ea5n c\u00e1 nh\u00e2n trong b\u1eefa ti\u1ec7c t\u1ed1i.<\/span><\/span><\/p>\n<h4 data-path-to-node=\"4\"><strong><span dir=\"auto\" style=\"vertical-align: inherit;\"><span dir=\"auto\" style=\"vertical-align: inherit;\">K\u00cdCH TH\u01af\u1edaC C\u1ee0 TR\u00caN C\u00c2Y\u00a0<\/span><\/span><\/strong><\/h4>\n<p>&nbsp;<\/p>\n<p><img loading=\"lazy\" decoding=\"async\" class=\"size-medium wp-image-257 alignleft\" src=\"https:\/\/genziii.azdigi.shop\/wp-content\/uploads\/2026\/04\/SIZE-300x240.jpg\" alt=\"\" width=\"300\" height=\"240\" srcset=\"https:\/\/genziii.azdigi.shop\/wp-content\/uploads\/2026\/04\/SIZE-300x240.jpg 300w, https:\/\/genziii.azdigi.shop\/wp-content\/uploads\/2026\/04\/SIZE-600x480.jpg 600w, https:\/\/genziii.azdigi.shop\/wp-content\/uploads\/2026\/04\/SIZE.jpg 752w\" sizes=\"auto, (max-width: 300px) 100vw, 300px\" \/><\/p>\n<p>&nbsp;<\/p>\n<p>&nbsp;<\/p>\n<p>&nbsp;<\/p>\n<p>&nbsp;<\/p>\n<p><span dir=\"auto\" style=\"vertical-align: inherit;\"><span dir=\"auto\" style=\"vertical-align: inherit;\">Ch\u00fang t\u00f4i ch\u1ec9 cung c\u1ea5p t\u1eeb size 10-16 n\u1ebfu b\u1ea1n c\u00f3 nhu c\u1ea7u v\u1ec1 k\u00edch th\u01b0\u1edbc v\u00f2ng kh\u00e1c h\u00e3y li\u00ean h\u1ec7 ngay v\u1edbi ch\u00fang t\u00f4i \u0111\u1ec3 \u0111\u01b0\u1ee3c h\u1ed7 tr\u1ee3. GENZiii xin c\u1ea3m \u01a1n<\/span><\/span><\/p>\n<p>&nbsp;<\/p>\n<h4 data-path-to-node=\"8\"><\/h4>\n<h4 data-path-to-node=\"8\"><strong><span dir=\"auto\" style=\"vertical-align: inherit;\"><span dir=\"auto\" style=\"vertical-align: inherit;\">C\u00c1CH CH\u1ec8 QU\u1ea2N<\/span><\/span><\/strong><\/h4>\n<p data-path-to-node=\"9\"><span dir=\"auto\" style=\"vertical-align: inherit;\"><span dir=\"auto\" style=\"vertical-align: inherit;\">\u0110\u1ec3 trang s\u1ee9c lu\u00f4n \u0111\u01b0\u1ee3c s\u00e1ng b\u00f3ng, b\u1ea1n n\u00ean tr\u00e1nh \u0111\u1ec3 ti\u1ebfp x\u00fac tr\u1ef1c ti\u1ebfp v\u1edbi c\u00e1c lo\u1ea1i h\u00f3a ch\u1ea5t t\u1ea9y r\u1eeda ho\u1eb7c n\u01b0\u1edbc hoa. Sau khi s\u1eed d\u1ee5ng, h\u00e3y lau nh\u1eb9 b\u1eb1ng kh\u0103n m\u1ec1m kh\u00f4 \u0111\u1ec3 lo\u1ea1i b\u1ecf m\u00f9i h\u00f4i v\u00e0 b\u1ee5i b\u1ea9n. Khi kh\u00f4ng d\u00f9ng \u0111\u1ebfn, h\u00e3y b\u1ea3o qu\u1ea3n nh\u1eabn trong h\u1ed9p k\u00edn c\u00f3 d\u00e2y nhung ho\u1eb7c t\u00fai zip chuy\u00ean d\u1ee5ng \u0111\u1ec3 tr\u00e1nh b\u1ecb tr\u1ea7y x\u01b0\u1edbc v\u00e0 h\u1ea1n ch\u1ebf ti\u1ebfp x\u00fac v\u1edbi kh\u00f4ng kh\u00ed.<\/span><\/span><\/p>\n","protected":false},"excerpt":{"rendered":"<p data-path-to-node=\"6\"><span dir=\"auto\" style=\"vertical-align: inherit;\"><span dir=\"auto\" style=\"vertical-align: inherit;\">S\u1ea3n ph\u1ea9m \u0111\u1eb7c bi\u1ec7t ph\u00f9 h\u1ee3p \u0111\u1ec3 l\u00e0m qu\u00e0 t\u1eb7ng cho ch\u00ednh b\u1ea3n th\u00e2n nh\u01b0 m\u1ed9t ch\u00fat n\u1ed3ng n\u00e0n ng\u1ecdt ng\u00e0o, hay d\u00e0nh t\u1eb7ng ng\u01b0\u1eddi th\u01b0\u01a1ng trong nh\u1eefng kho\u1ea3nh kh\u1eafc \u00fd ngh\u0129a. S\u1ef1 th\u1ef1c t\u1ebf trong t\u1eebng \u0111\u01b0\u1eddng \u0111i r\u00f5 r\u00e0ng \u0111\u1ea3m b\u1ea3o mang l\u1ea1i s\u1ef1 tho\u1ea3i m\u00e1i tho\u1ea3i m\u00e1i tuy\u1ec7t \u0111\u1ed1i cho ng\u01b0\u1eddi \u0111eo su\u1ed1t c\u1ea3 ng\u00e0y d\u00e0i.<\/span><\/span><\/p>\n<p data-path-to-node=\"6\"><span dir=\"auto\" style=\"vertical-align: inherit;\"><span dir=\"auto\" style=\"vertical-align: inherit;\">TH\u00d4NG S\u1ed0 K\u1ef8 THU\u1eacT<\/span><\/span><\/p>\n<p data-path-to-node=\"7\"><span dir=\"auto\" style=\"vertical-align: inherit;\"><span dir=\"auto\" style=\"vertical-align: inherit;\">Ch\u1ea5t li\u1ec7u: H\u1ee3p kim m\u1ea1 v\u00e0ng 14K ho\u1eb7c 18K m\u00e0u b\u1ec1n.<\/span><\/span><\/p>\n<p data-path-to-node=\"7\"><span dir=\"auto\" style=\"vertical-align: inherit;\"><span dir=\"auto\" style=\"vertical-align: inherit;\">Lo\u1ea1i \u0111\u00e1: \u0110\u00e1 Zirconia cao c\u1ea5p s\u1eafc h\u1ed3ng nh\u1ea1t v\u00e0 tr\u1eafng trong su\u1ed1t.<\/span><\/span><\/p>\n<p data-path-to-node=\"7\"><span dir=\"auto\" style=\"vertical-align: inherit;\"><span dir=\"auto\" style=\"vertical-align: inherit;\">Ki\u1ec3u trang tr\u00ed: V\u00f2ng nh\u1eabn m\u1ea3nh \u0111\u00ednh \u0111\u00e1 \u0111a k\u00edch th\u01b0\u1edbc.<\/span><\/span><\/p>\n<p data-path-to-node=\"7\"><span dir=\"auto\" style=\"vertical-align: inherit;\"><span dir=\"auto\" style=\"vertical-align: inherit;\">K\u00edch th\u01b0\u1edbc: C\u00f3 s\u1eb5n nhi\u1ec1u k\u00edch th\u01b0\u1edbc theo ti\u00eau chu\u1ea9n \u0111o l\u01b0\u1eddng ph\u1ed5 bi\u1ebfn.<\/span><\/span><\/p>\n","protected":false},"featured_media":436,"comment_status":"open","ping_status":"closed","template":"","meta":[],"product_brand":[],"product_cat":[26,27],"product_tag":[],"class_list":{"0":"post-435","1":"product","2":"type-product","3":"status-publish","4":"has-post-thumbnail","6":"product_cat-nhan-nu","7":"product_cat-tat-ca-san-pham","9":"first","10":"instock","11":"shipping-taxable","12":"purchasable","13":"product-type-variable"},"yoast_head":"<!-- This site is optimized with the Yoast SEO plugin v27.1.1 - https:\/\/yoast.com\/product\/yoast-seo-wordpress\/ -->\n<title>Nh\u1eabn - Live - GENZiii<\/title>\n<meta name=\"description\" content=\"S\u1ef1 tinh t\u1ebf trong t\u1eebng \u0111\u01b0\u1eddng n\u00e9t gia c\u00f4ng \u0111\u1ea3m b\u1ea3o mang l\u1ea1i s\u1ef1 tho\u1ea3i m\u00e1i tuy\u1ec7t \u0111\u1ed1i cho ng\u01b0\u1eddi \u0111eo su\u1ed1t c\u1ea3 ng\u00e0y d\u00e0i.\" \/>\n<meta name=\"robots\" content=\"index, follow, max-snippet:-1, max-image-preview:large, max-video-preview:-1\" \/>\n<link rel=\"canonical\" href=\"https:\/\/genziii.azdigi.shop\/index.php\/product\/nhan-live\/\" \/>\n<meta property=\"og:locale\" content=\"en_US\" \/>\n<meta property=\"og:type\" content=\"article\" \/>\n<meta property=\"og:title\" content=\"Nh\u1eabn - Live - GENZiii\" \/>\n<meta property=\"og:description\" content=\"S\u1ef1 tinh t\u1ebf trong t\u1eebng \u0111\u01b0\u1eddng n\u00e9t gia c\u00f4ng \u0111\u1ea3m b\u1ea3o mang l\u1ea1i s\u1ef1 tho\u1ea3i m\u00e1i tuy\u1ec7t \u0111\u1ed1i cho ng\u01b0\u1eddi \u0111eo su\u1ed1t c\u1ea3 ng\u00e0y d\u00e0i.\" \/>\n<meta property=\"og:url\" content=\"https:\/\/genziii.azdigi.shop\/index.php\/product\/nhan-live\/\" \/>\n<meta property=\"og:site_name\" content=\"GENZiii\" \/>\n<meta property=\"og:image\" content=\"https:\/\/genziii.azdigi.shop\/wp-content\/uploads\/2026\/04\/2.jpg\" \/>\n\t<meta property=\"og:image:width\" content=\"640\" \/>\n\t<meta property=\"og:image:height\" content=\"791\" \/>\n\t<meta property=\"og:image:type\" content=\"image\/jpeg\" \/>\n<meta name=\"twitter:card\" content=\"summary_large_image\" \/>\n<meta name=\"twitter:label1\" content=\"Est. reading time\" \/>\n\t<meta name=\"twitter:data1\" content=\"3 minutes\" \/>\n<script type=\"application\/ld+json\" class=\"yoast-schema-graph\">{\"@context\":\"https:\/\/schema.org\",\"@graph\":[{\"@type\":\"WebPage\",\"@id\":\"https:\/\/genziii.azdigi.shop\/index.php\/product\/nhan-live\/\",\"url\":\"https:\/\/genziii.azdigi.shop\/index.php\/product\/nhan-live\/\",\"name\":\"Nh\u1eabn - Live - GENZiii\",\"isPartOf\":{\"@id\":\"https:\/\/genziii.azdigi.shop\/#website\"},\"primaryImageOfPage\":{\"@id\":\"https:\/\/genziii.azdigi.shop\/index.php\/product\/nhan-live\/#primaryimage\"},\"image\":{\"@id\":\"https:\/\/genziii.azdigi.shop\/index.php\/product\/nhan-live\/#primaryimage\"},\"thumbnailUrl\":\"https:\/\/genziii.azdigi.shop\/wp-content\/uploads\/2026\/04\/2.jpg\",\"datePublished\":\"2026-04-04T15:15:44+00:00\",\"description\":\"S\u1ef1 tinh t\u1ebf trong t\u1eebng \u0111\u01b0\u1eddng n\u00e9t gia c\u00f4ng \u0111\u1ea3m b\u1ea3o mang l\u1ea1i s\u1ef1 tho\u1ea3i m\u00e1i tuy\u1ec7t \u0111\u1ed1i cho ng\u01b0\u1eddi \u0111eo su\u1ed1t c\u1ea3 ng\u00e0y d\u00e0i.\",\"breadcrumb\":{\"@id\":\"https:\/\/genziii.azdigi.shop\/index.php\/product\/nhan-live\/#breadcrumb\"},\"inLanguage\":\"en-US\",\"potentialAction\":[{\"@type\":\"ReadAction\",\"target\":[\"https:\/\/genziii.azdigi.shop\/index.php\/product\/nhan-live\/\"]}]},{\"@type\":\"ImageObject\",\"inLanguage\":\"en-US\",\"@id\":\"https:\/\/genziii.azdigi.shop\/index.php\/product\/nhan-live\/#primaryimage\",\"url\":\"https:\/\/genziii.azdigi.shop\/wp-content\/uploads\/2026\/04\/2.jpg\",\"contentUrl\":\"https:\/\/genziii.azdigi.shop\/wp-content\/uploads\/2026\/04\/2.jpg\",\"width\":640,\"height\":791},{\"@type\":\"BreadcrumbList\",\"@id\":\"https:\/\/genziii.azdigi.shop\/index.php\/product\/nhan-live\/#breadcrumb\",\"itemListElement\":[{\"@type\":\"ListItem\",\"position\":1,\"name\":\"Home\",\"item\":\"https:\/\/genziii.azdigi.shop\/\"},{\"@type\":\"ListItem\",\"position\":2,\"name\":\"Shop\",\"item\":\"https:\/\/genziii.azdigi.shop\/index.php\/shop\/\"},{\"@type\":\"ListItem\",\"position\":3,\"name\":\"Nh\u1eabn &#8211; Live\"}]},{\"@type\":\"WebSite\",\"@id\":\"https:\/\/genziii.azdigi.shop\/#website\",\"url\":\"https:\/\/genziii.azdigi.shop\/\",\"name\":\"GENZiii\",\"description\":\"GENZiii\",\"potentialAction\":[{\"@type\":\"SearchAction\",\"target\":{\"@type\":\"EntryPoint\",\"urlTemplate\":\"https:\/\/genziii.azdigi.shop\/?s={search_term_string}\"},\"query-input\":{\"@type\":\"PropertyValueSpecification\",\"valueRequired\":true,\"valueName\":\"search_term_string\"}}],\"inLanguage\":\"en-US\"}]}<\/script>\n<!-- \/ Yoast SEO plugin. -->","yoast_head_json":{"title":"Nh\u1eabn - Live - GENZiii","description":"S\u1ef1 tinh t\u1ebf trong t\u1eebng \u0111\u01b0\u1eddng n\u00e9t gia c\u00f4ng \u0111\u1ea3m b\u1ea3o mang l\u1ea1i s\u1ef1 tho\u1ea3i m\u00e1i tuy\u1ec7t \u0111\u1ed1i cho ng\u01b0\u1eddi \u0111eo su\u1ed1t c\u1ea3 ng\u00e0y d\u00e0i.","robots":{"index":"index","follow":"follow","max-snippet":"max-snippet:-1","max-image-preview":"max-image-preview:large","max-video-preview":"max-video-preview:-1"},"canonical":"https:\/\/genziii.azdigi.shop\/index.php\/product\/nhan-live\/","og_locale":"en_US","og_type":"article","og_title":"Nh\u1eabn - Live - GENZiii","og_description":"S\u1ef1 tinh t\u1ebf trong t\u1eebng \u0111\u01b0\u1eddng n\u00e9t gia c\u00f4ng \u0111\u1ea3m b\u1ea3o mang l\u1ea1i s\u1ef1 tho\u1ea3i m\u00e1i tuy\u1ec7t \u0111\u1ed1i cho ng\u01b0\u1eddi \u0111eo su\u1ed1t c\u1ea3 ng\u00e0y d\u00e0i.","og_url":"https:\/\/genziii.azdigi.shop\/index.php\/product\/nhan-live\/","og_site_name":"GENZiii","og_image":[{"width":640,"height":791,"url":"https:\/\/genziii.azdigi.shop\/wp-content\/uploads\/2026\/04\/2.jpg","type":"image\/jpeg"}],"twitter_card":"summary_large_image","twitter_misc":{"Est. reading time":"3 minutes"},"schema":{"@context":"https:\/\/schema.org","@graph":[{"@type":"WebPage","@id":"https:\/\/genziii.azdigi.shop\/index.php\/product\/nhan-live\/","url":"https:\/\/genziii.azdigi.shop\/index.php\/product\/nhan-live\/","name":"Nh\u1eabn - Live - GENZiii","isPartOf":{"@id":"https:\/\/genziii.azdigi.shop\/#website"},"primaryImageOfPage":{"@id":"https:\/\/genziii.azdigi.shop\/index.php\/product\/nhan-live\/#primaryimage"},"image":{"@id":"https:\/\/genziii.azdigi.shop\/index.php\/product\/nhan-live\/#primaryimage"},"thumbnailUrl":"https:\/\/genziii.azdigi.shop\/wp-content\/uploads\/2026\/04\/2.jpg","datePublished":"2026-04-04T15:15:44+00:00","description":"S\u1ef1 tinh t\u1ebf trong t\u1eebng \u0111\u01b0\u1eddng n\u00e9t gia c\u00f4ng \u0111\u1ea3m b\u1ea3o mang l\u1ea1i s\u1ef1 tho\u1ea3i m\u00e1i tuy\u1ec7t \u0111\u1ed1i cho ng\u01b0\u1eddi \u0111eo su\u1ed1t c\u1ea3 ng\u00e0y d\u00e0i.","breadcrumb":{"@id":"https:\/\/genziii.azdigi.shop\/index.php\/product\/nhan-live\/#breadcrumb"},"inLanguage":"en-US","potentialAction":[{"@type":"ReadAction","target":["https:\/\/genziii.azdigi.shop\/index.php\/product\/nhan-live\/"]}]},{"@type":"ImageObject","inLanguage":"en-US","@id":"https:\/\/genziii.azdigi.shop\/index.php\/product\/nhan-live\/#primaryimage","url":"https:\/\/genziii.azdigi.shop\/wp-content\/uploads\/2026\/04\/2.jpg","contentUrl":"https:\/\/genziii.azdigi.shop\/wp-content\/uploads\/2026\/04\/2.jpg","width":640,"height":791},{"@type":"BreadcrumbList","@id":"https:\/\/genziii.azdigi.shop\/index.php\/product\/nhan-live\/#breadcrumb","itemListElement":[{"@type":"ListItem","position":1,"name":"Home","item":"https:\/\/genziii.azdigi.shop\/"},{"@type":"ListItem","position":2,"name":"Shop","item":"https:\/\/genziii.azdigi.shop\/index.php\/shop\/"},{"@type":"ListItem","position":3,"name":"Nh\u1eabn &#8211; Live"}]},{"@type":"WebSite","@id":"https:\/\/genziii.azdigi.shop\/#website","url":"https:\/\/genziii.azdigi.shop\/","name":"GENZiii","description":"GENZiii","potentialAction":[{"@type":"SearchAction","target":{"@type":"EntryPoint","urlTemplate":"https:\/\/genziii.azdigi.shop\/?s={search_term_string}"},"query-input":{"@type":"PropertyValueSpecification","valueRequired":true,"valueName":"search_term_string"}}],"inLanguage":"en-US"}]}},"_links":{"self":[{"href":"https:\/\/genziii.azdigi.shop\/index.php\/wp-json\/wp\/v2\/product\/435","targetHints":{"allow":["GET"]}}],"collection":[{"href":"https:\/\/genziii.azdigi.shop\/index.php\/wp-json\/wp\/v2\/product"}],"about":[{"href":"https:\/\/genziii.azdigi.shop\/index.php\/wp-json\/wp\/v2\/types\/product"}],"replies":[{"embeddable":true,"href":"https:\/\/genziii.azdigi.shop\/index.php\/wp-json\/wp\/v2\/comments?post=435"}],"wp:featuredmedia":[{"embeddable":true,"href":"https:\/\/genziii.azdigi.shop\/index.php\/wp-json\/wp\/v2\/media\/436"}],"wp:attachment":[{"href":"https:\/\/genziii.azdigi.shop\/index.php\/wp-json\/wp\/v2\/media?parent=435"}],"wp:term":[{"taxonomy":"product_brand","embeddable":true,"href":"https:\/\/genziii.azdigi.shop\/index.php\/wp-json\/wp\/v2\/product_brand?post=435"},{"taxonomy":"product_cat","embeddable":true,"href":"https:\/\/genziii.azdigi.shop\/index.php\/wp-json\/wp\/v2\/product_cat?post=435"},{"taxonomy":"product_tag","embeddable":true,"href":"https:\/\/genziii.azdigi.shop\/index.php\/wp-json\/wp\/v2\/product_tag?post=435"}],"curies":[{"name":"wp","href":"https:\/\/api.w.org\/{rel}","templated":true}]}}