{"id":446,"date":"2026-04-04T15:26:05","date_gmt":"2026-04-04T15:26:05","guid":{"rendered":"https:\/\/genziii.azdigi.shop\/?post_type=product&#038;p=446"},"modified":"2026-04-04T15:26:05","modified_gmt":"2026-04-04T15:26:05","slug":"nhan-hope","status":"publish","type":"product","link":"https:\/\/genziii.azdigi.shop\/index.php\/product\/nhan-hope\/","title":{"rendered":"Nh\u1eabn &#8211; HOPE"},"content":{"rendered":"<h4 data-path-to-node=\"2\"><a href=\"nhan-hope\"><img loading=\"lazy\" decoding=\"async\" class=\"alignleft wp-image-447 size-medium\" src=\"https:\/\/genziii.azdigi.shop\/wp-content\/uploads\/2026\/04\/1-300x300.jpg\" alt=\"\" width=\"300\" height=\"300\" srcset=\"https:\/\/genziii.azdigi.shop\/wp-content\/uploads\/2026\/04\/1-300x300.jpg 300w, https:\/\/genziii.azdigi.shop\/wp-content\/uploads\/2026\/04\/1-150x150.jpg 150w, https:\/\/genziii.azdigi.shop\/wp-content\/uploads\/2026\/04\/1-600x600.jpg 600w, https:\/\/genziii.azdigi.shop\/wp-content\/uploads\/2026\/04\/1-100x100.jpg 100w, https:\/\/genziii.azdigi.shop\/wp-content\/uploads\/2026\/04\/1-50x50.jpg 50w, https:\/\/genziii.azdigi.shop\/wp-content\/uploads\/2026\/04\/1.jpg 736w\" sizes=\"auto, (max-width: 300px) 100vw, 300px\" \/><\/a><\/h4>\n<h4 data-path-to-node=\"2\"><b data-path-to-node=\"2\" data-index-in-node=\"0\"><span dir=\"auto\" style=\"vertical-align: inherit;\"><span dir=\"auto\" style=\"vertical-align: inherit;\">V\u1eba \u0110\u1eb8P C\u1ee6A S\u1ef0 GIAO THOA GI\u1eeeA THI\u00caN NHI\u00caN V\u00e0 K\u1ef9 Thu\u1eadt CH\u1ebe T\u00c1C<\/span><\/span><\/b><\/h4>\n<p data-path-to-node=\"3\"><span dir=\"auto\" style=\"vertical-align: inherit;\"><span dir=\"auto\" style=\"vertical-align: inherit;\">Trong ng\u00f4n ng\u1eef c\u1ee7a trang s\u1ee9c, m\u1ed7i thi\u1ebft k\u1ebf \u0111\u1ec1u k\u1ec3 m\u1ed9t c\u00e2u chuy\u1ec7n ri\u00eang. M\u1eabu v\u00f2ng d\u00e2y leo \u0111\u00ednh \u0111\u00e1 Sapphire Blue m\u00e0 ch\u00fang t\u00f4i gi\u1edbi thi\u1ec7u l\u1ea7n n\u00e0y l\u00e0 m\u1ed9t giao d\u1ecbch ng\u1ecdt ng\u00e0o gi\u1eefa th\u01b0\u01a1ng m\u1ea1i c\u1ecf c\u00e2y v\u00e0 s\u1ef1 r\u1ef1c r\u1ee1 c\u1ee7a nh\u1eefng ng\u01b0\u1eddi \u0111\u00e1 qu\u00fd. \u0110\u00e2y l\u00e0 m\u00f3n ph\u1ee5 ki\u1ec7n d\u00e0nh ri\u00eang cho nh\u1eefng ng\u01b0\u1eddi ph\u1ee5 n\u1eef tr\u00e2n tr\u1ecdng v\u1ebb \u0111\u1eb9p tinh t\u1ebf, mong mu\u1ed1n t\u00ecm ki\u1ebfm m\u1ed9t \u0111i\u1ec3m nh\u1ea5n kh\u00e1c bi\u1ec7t nh\u01b0ng v\u1eabn gi\u1eef \u0111\u01b0\u1ee3c s\u1ef1 thanh l\u1ecbch tuy\u1ec7t v\u1eddi.<\/span><\/span><\/p>\n<p data-path-to-node=\"4\"><span dir=\"auto\" style=\"vertical-align: inherit;\"><span dir=\"auto\" style=\"vertical-align: inherit;\">C\u1ea5u tr\u00fac c\u1ee7a chi\u1ebfc nh\u1eabn \u0111\u01b0\u1ee3c l\u1ea5y c\u1ea3m h\u1ee9ng t\u1eeb nh\u1eefng nh\u00e0nh c\u00e2y leo th\u01b0 gi\u00e3n chuy\u1ec3n, bao quanh l\u1ea5y ng\u00f3n tay b\u1eb1ng nh\u1eefng \u0111\u01b0\u1eddng cong co gi\u00e3n \u0111\u1ea7y ngh\u1ec7 thu\u1eadt. Thay \u0111\u1ed5i l\u00e0 m\u1ed9t ph\u01b0\u01a1ng ti\u1ec7n v\u1eadn chuy\u1ec3n v\u00f2ng tr\u00f2n, thi\u1ebft b\u1ecb k\u1ebft th\u00fac v\u1edbi nh\u1eefng kho\u1ea3ng tr\u1ed1ng xen k\u1ebd gi\u00fap \u0111\u00f4i b\u00e0n tay tr\u1edf v\u1ec1 n\u00ean tho\u00e1t ra v\u00e0 nh\u1eb9 nh\u00e0ng h\u01a1n. \u0110i\u1ec3m xuy\u1ebft d\u1ecdc theo th\u00e2n nh\u1eabn l\u00e0 nh\u1eefng vi\u00ean \u0111\u00e1 qu\u00fd nh\u1ecf v\u1edbi hai s\u1eafc m\u00e0u ch\u1ee7 \u0111\u1ea1o: xanh \u0111\u1ea1i d\u01b0\u01a1ng s\u00e2u s\u00e2u v\u00e0 tr\u1eafng trong minh b\u1ea1ch. S\u1ef1 t\u01b0\u01a1ng ph\u1ea3n gi\u1eefa s\u1eafc v\u00e0ng \u1ea5m c\u1ee7a ch\u1ea5t li\u1ec7u m\u1ea1 v\u00e0ng v\u00e0 s\u1eafc xanh l\u1ea1nh c\u1ee7a \u0111\u00e1 t\u1ea1o n\u00ean m\u1ed9t t\u1ed5ng th\u1ec3 h\u00e0i h\u00f2a, b\u1eaft m\u1eaft ngay t\u1eeb c\u00e1i nh\u00ecn \u0111\u1ea7u ti\u00ean.<\/span><\/span><\/p>\n<p data-path-to-node=\"5\"><span dir=\"auto\" style=\"vertical-align: inherit;\"><span dir=\"auto\" style=\"vertical-align: inherit;\">S\u1ea3n ph\u1ea9m kh\u00f4ng ch\u1ec9 \u0111\u01a1n thu\u1ea7n l\u00e0 m\u1ed9t m\u00f3n trang s\u1ee9c m\u1ea1nh m\u1ebd nh\u01b0ng v\u1eabn l\u00e0 s\u1ef1 kh\u1eb3ng \u0111\u1ecbnh v\u1ec1 gu th\u1ea9m m\u1ef9 c\u00e1 nh\u00e2n. \u0110\u01b0\u1ee3c thi\u1ebft k\u1ebf b\u00ecnh tinh v\u00e0 k\u00edch th\u01b0\u1edbc v\u1eeba ph\u1ea3i, chi\u1ebfc nh\u1eabn n\u00e0y c\u00f3 th\u1ec3 theo b\u1ea1n t\u1eeb nh\u1eefng kh\u00f4ng gian c\u00f4ng s\u1edf chuy\u00ean nghi\u1ec7p \u0111\u1ebfn nh\u1eefng b\u1eefa ti\u1ec7c t\u1ed1i l\u00e3ng m\u1ea1n. \u0110\u1eb7c bi\u1ec7t, v\u1ebb \u0111\u1eb9p c\u1ee7a v\u00f2ng c\u00e0ng \u0111\u01b0\u1ee3c t\u00f4n vinh khi k\u1ebft h\u1ee3p c\u00f9ng c\u00e1c trang ph\u1ee5c c\u00f3 gam m\u00e0u trung t\u00ednh nh\u01b0 tr\u1eafng, be ho\u1eb7c \u0111en, t\u1ea1o n\u00ean m\u1ed9t cu\u1ed1n cu\u1ed1n kh\u00f3 ch\u1ea5p.<\/span><\/span><\/p>\n<p data-path-to-node=\"8\"><strong><span dir=\"auto\" style=\"vertical-align: inherit;\"><span dir=\"auto\" style=\"vertical-align: inherit;\">K\u00cdCH TH\u01af\u1edaC C\u1ee0 TR\u00caN C\u00c2Y\u00a0<\/span><\/span><\/strong><\/p>\n<p data-path-to-node=\"8\"><img loading=\"lazy\" decoding=\"async\" class=\"size-medium wp-image-257 alignleft\" src=\"https:\/\/genziii.azdigi.shop\/wp-content\/uploads\/2026\/04\/SIZE-300x240.jpg\" alt=\"\" width=\"300\" height=\"240\" srcset=\"https:\/\/genziii.azdigi.shop\/wp-content\/uploads\/2026\/04\/SIZE-300x240.jpg 300w, https:\/\/genziii.azdigi.shop\/wp-content\/uploads\/2026\/04\/SIZE-600x480.jpg 600w, https:\/\/genziii.azdigi.shop\/wp-content\/uploads\/2026\/04\/SIZE.jpg 752w\" sizes=\"auto, (max-width: 300px) 100vw, 300px\" \/><\/p>\n<p data-path-to-node=\"8\"><span dir=\"auto\" style=\"vertical-align: inherit;\"><span dir=\"auto\" style=\"vertical-align: inherit;\">Ch\u00fang t\u00f4i ch\u1ec9 cung c\u1ea5p t\u1eeb k\u00edch th\u01b0\u1edbc 10-16 n\u1ebfu b\u1ea1n c\u00f3 nhu c\u1ea7u v\u1ec1 k\u00edch th\u01b0\u1edbc v\u00f2ng kh\u00e1c, h\u00e3y li\u00ean h\u1ec7 ngay v\u1edbi ch\u00fang t\u00f4i \u0111\u1ec3 \u0111\u01b0\u1ee3c h\u1ed7 tr\u1ee3. GENZiii xin c\u1ea3m \u01a1n<\/span><\/span><\/p>\n<p data-path-to-node=\"8\"><b data-path-to-node=\"8\" data-index-in-node=\"0\"><span dir=\"auto\" style=\"vertical-align: inherit;\"><span dir=\"auto\" style=\"vertical-align: inherit;\">H\u01af\u1edaNG D\u1eaaN B\u1ea2O QU\u1ea2N<\/span><\/span><\/b><\/p>\n<p data-path-to-node=\"9\"><span dir=\"auto\" style=\"vertical-align: inherit;\"><span dir=\"auto\" style=\"vertical-align: inherit;\">\u0110\u1ec3 duy tr\u00ec kh\u1ea3 n\u0103ng khai th\u00e1c \u0111\u00e1 v\u00e0 l\u1edbp m\u1ea1, b\u1ea1n n\u00ean h\u1ea1n ch\u1ebf \u0111eo nh\u1eabn khi tham gia c\u00e1c ho\u1ea1t \u0111\u1ed9ng m\u1ea1nh ho\u1eb7c ti\u1ebfp x\u00fac v\u1edbi h\u00f3a ch\u1ea5t nh\u01b0 x\u00e0 ph\u00f2ng, n\u01b0\u1edbc t\u1ea9y r\u1eeda. Khi kh\u00f4ng s\u1eed d\u1ee5ng, h\u00e3y l\u00e0m s\u1ea1ch v\u00f2ng b\u1eb1ng kh\u0103n v\u1ea3i m\u1ec1m v\u00e0 kh\u00f4 tr\u01b0\u1edbc khi c\u1ea5t gi\u1eef trong h\u1ed9p trang s\u1ee9c ho\u1eb7c t\u00fai v\u1ea3i nhung k\u00edn. Tr\u00e1nh \u0111\u1ec3 trang v\u01b0\u1ee3t l\u00ean nhau nh\u1eb1m h\u1ea1n ch\u1ebf t\u00ecnh tr\u1ea1ng tr\u1ea7y x\u01b0\u1edbc b\u1ec1 m\u1eb7t \u0111\u00e1.<\/span><\/span><\/p>\n","protected":false},"excerpt":{"rendered":"<p><span dir=\"auto\" style=\"vertical-align: inherit;\"><span dir=\"auto\" style=\"vertical-align: inherit;\">\u0110\u1eb7c bi\u1ec7t, v\u1ebb \u0111\u1eb9p c\u1ee7a v\u00f2ng c\u00e0ng \u0111\u01b0\u1ee3c t\u00f4n vinh khi k\u1ebft h\u1ee3p c\u00f9ng c\u00e1c trang ph\u1ee5c c\u00f3 gam m\u00e0u trung t\u00ednh nh\u01b0 tr\u1eafng, be ho\u1eb7c \u0111en, t\u1ea1o n\u00ean m\u1ed9t cu\u1ed1n cu\u1ed1n kh\u00f3 ch\u1ea5p.<\/span><\/span><\/p>\n<p data-path-to-node=\"6\"><b data-path-to-node=\"6\" data-index-in-node=\"0\"><span dir=\"auto\" style=\"vertical-align: inherit;\"><span dir=\"auto\" style=\"vertical-align: inherit;\">TH\u00d4NG S\u1ed0 K\u1ef8 THU\u1eacT<\/span><\/span><\/b><\/p>\n<p data-path-to-node=\"7,0,0\"><span dir=\"auto\" style=\"vertical-align: inherit;\"><span dir=\"auto\" style=\"vertical-align: inherit;\">D\u00f2ng s\u1ea3n ph\u1ea9m: Nh\u1eabn th\u1eddi trang thi\u1ebft k\u1ebf c\u00e1ch \u0111i\u1ec7u (Vine Leaf Design).<\/span><\/span><\/p>\n<p data-path-to-node=\"7,1,0\"><span dir=\"auto\" style=\"vertical-align: inherit;\"><span dir=\"auto\" style=\"vertical-align: inherit;\">Ch\u1ea5t li\u1ec7u: H\u1ee3p kim cao c\u1ea5p m\u1ea1 v\u00e0ng 14K, \u0111\u1ea3m b\u1ea3o \u0111\u1ed9 b\u00f3ng v\u00e0 m\u00e0u s\u1eafc b\u1ec1n b\u1ec9.<\/span><\/span><\/p>\n<p data-path-to-node=\"7,2,0\"><span dir=\"auto\" style=\"vertical-align: inherit;\"><span dir=\"auto\" style=\"vertical-align: inherit;\">Lo\u1ea1i \u0111\u00e1: \u0110\u00e1 Zirconia nh\u00e2n tuy\u1ec3n ch\u1ecdn v\u1edbi m\u00e0u xanh Sapphire v\u00e0 tr\u1eafng Diamond.<\/span><\/span><\/p>\n<p data-path-to-node=\"7,4,0\"><b data-path-to-node=\"7,4,0\" data-index-in-node=\"0\"><span dir=\"auto\" style=\"vertical-align: inherit;\"><span dir=\"auto\" style=\"vertical-align: inherit;\">K\u00edch th\u01b0\u1edbc:<\/span><\/span><\/b><span dir=\"auto\" style=\"vertical-align: inherit;\"><span dir=\"auto\" style=\"vertical-align: inherit;\"> \u0110\u1ea7y \u0111\u1ee7 c\u00e1c k\u00edch th\u01b0\u1edbc ti\u00eau chu\u1ea9n, thi\u1ebft k\u1ebf m\u1ea3nh mai d\u1ec5 \u0111i\u1ec1u ch\u1ec9nh ph\u00f9 h\u1ee3p v\u1edbi ki\u1ec3u d\u00e1ng tay.<\/span><\/span><\/p>\n","protected":false},"featured_media":447,"comment_status":"open","ping_status":"closed","template":"","meta":[],"product_brand":[],"product_cat":[26,27],"product_tag":[],"class_list":{"0":"post-446","1":"product","2":"type-product","3":"status-publish","4":"has-post-thumbnail","6":"product_cat-nhan-nu","7":"product_cat-tat-ca-san-pham","9":"first","10":"instock","11":"shipping-taxable","12":"purchasable","13":"product-type-variable"},"yoast_head":"<!-- This site is optimized with the Yoast SEO plugin v27.1.1 - https:\/\/yoast.com\/product\/yoast-seo-wordpress\/ -->\n<title>Nh\u1eabn - HOPE - GENZiii<\/title>\n<meta name=\"description\" content=\"\u0110\u1eb7c bi\u1ec7t, v\u1ebb \u0111\u1eb9p c\u1ee7a v\u00f2ng c\u00e0ng \u0111\u01b0\u1ee3c t\u00f4n vinh khi k\u1ebft h\u1ee3p c\u00f9ng c\u00e1c trang ph\u1ee5c c\u00f3 gam m\u00e0u trung t\u00ednh nh\u01b0 tr\u1eafng, be ho\u1eb7c \u0111en, t\u1ea1o n\u00ean m\u1ed9t cu\u1ed1n cu\u1ed1n kh\u00f3 ch\u1ea5p.\" \/>\n<meta name=\"robots\" content=\"index, follow, max-snippet:-1, max-image-preview:large, max-video-preview:-1\" \/>\n<link rel=\"canonical\" href=\"https:\/\/genziii.azdigi.shop\/index.php\/product\/nhan-hope\/\" \/>\n<meta property=\"og:locale\" content=\"en_US\" \/>\n<meta property=\"og:type\" content=\"article\" \/>\n<meta property=\"og:title\" content=\"Nh\u1eabn - HOPE - GENZiii\" \/>\n<meta property=\"og:description\" content=\"\u0110\u1eb7c bi\u1ec7t, v\u1ebb \u0111\u1eb9p c\u1ee7a v\u00f2ng c\u00e0ng \u0111\u01b0\u1ee3c t\u00f4n vinh khi k\u1ebft h\u1ee3p c\u00f9ng c\u00e1c trang ph\u1ee5c c\u00f3 gam m\u00e0u trung t\u00ednh nh\u01b0 tr\u1eafng, be ho\u1eb7c \u0111en, t\u1ea1o n\u00ean m\u1ed9t cu\u1ed1n cu\u1ed1n kh\u00f3 ch\u1ea5p.\" \/>\n<meta property=\"og:url\" content=\"https:\/\/genziii.azdigi.shop\/index.php\/product\/nhan-hope\/\" \/>\n<meta property=\"og:site_name\" content=\"GENZiii\" \/>\n<meta property=\"og:image\" content=\"https:\/\/genziii.azdigi.shop\/wp-content\/uploads\/2026\/04\/1.jpg\" \/>\n\t<meta property=\"og:image:width\" content=\"736\" \/>\n\t<meta property=\"og:image:height\" content=\"736\" \/>\n\t<meta property=\"og:image:type\" content=\"image\/jpeg\" \/>\n<meta name=\"twitter:card\" content=\"summary_large_image\" \/>\n<meta name=\"twitter:label1\" content=\"Est. reading time\" \/>\n\t<meta name=\"twitter:data1\" content=\"3 minutes\" \/>\n<script type=\"application\/ld+json\" class=\"yoast-schema-graph\">{\"@context\":\"https:\/\/schema.org\",\"@graph\":[{\"@type\":\"WebPage\",\"@id\":\"https:\/\/genziii.azdigi.shop\/index.php\/product\/nhan-hope\/\",\"url\":\"https:\/\/genziii.azdigi.shop\/index.php\/product\/nhan-hope\/\",\"name\":\"Nh\u1eabn - HOPE - GENZiii\",\"isPartOf\":{\"@id\":\"https:\/\/genziii.azdigi.shop\/#website\"},\"primaryImageOfPage\":{\"@id\":\"https:\/\/genziii.azdigi.shop\/index.php\/product\/nhan-hope\/#primaryimage\"},\"image\":{\"@id\":\"https:\/\/genziii.azdigi.shop\/index.php\/product\/nhan-hope\/#primaryimage\"},\"thumbnailUrl\":\"https:\/\/genziii.azdigi.shop\/wp-content\/uploads\/2026\/04\/1.jpg\",\"datePublished\":\"2026-04-04T15:26:05+00:00\",\"description\":\"\u0110\u1eb7c bi\u1ec7t, v\u1ebb \u0111\u1eb9p c\u1ee7a v\u00f2ng c\u00e0ng \u0111\u01b0\u1ee3c t\u00f4n vinh khi k\u1ebft h\u1ee3p c\u00f9ng c\u00e1c trang ph\u1ee5c c\u00f3 gam m\u00e0u trung t\u00ednh nh\u01b0 tr\u1eafng, be ho\u1eb7c \u0111en, t\u1ea1o n\u00ean m\u1ed9t cu\u1ed1n cu\u1ed1n kh\u00f3 ch\u1ea5p.\",\"breadcrumb\":{\"@id\":\"https:\/\/genziii.azdigi.shop\/index.php\/product\/nhan-hope\/#breadcrumb\"},\"inLanguage\":\"en-US\",\"potentialAction\":[{\"@type\":\"ReadAction\",\"target\":[\"https:\/\/genziii.azdigi.shop\/index.php\/product\/nhan-hope\/\"]}]},{\"@type\":\"ImageObject\",\"inLanguage\":\"en-US\",\"@id\":\"https:\/\/genziii.azdigi.shop\/index.php\/product\/nhan-hope\/#primaryimage\",\"url\":\"https:\/\/genziii.azdigi.shop\/wp-content\/uploads\/2026\/04\/1.jpg\",\"contentUrl\":\"https:\/\/genziii.azdigi.shop\/wp-content\/uploads\/2026\/04\/1.jpg\",\"width\":736,\"height\":736},{\"@type\":\"BreadcrumbList\",\"@id\":\"https:\/\/genziii.azdigi.shop\/index.php\/product\/nhan-hope\/#breadcrumb\",\"itemListElement\":[{\"@type\":\"ListItem\",\"position\":1,\"name\":\"Home\",\"item\":\"https:\/\/genziii.azdigi.shop\/\"},{\"@type\":\"ListItem\",\"position\":2,\"name\":\"Shop\",\"item\":\"https:\/\/genziii.azdigi.shop\/index.php\/shop\/\"},{\"@type\":\"ListItem\",\"position\":3,\"name\":\"Nh\u1eabn &#8211; HOPE\"}]},{\"@type\":\"WebSite\",\"@id\":\"https:\/\/genziii.azdigi.shop\/#website\",\"url\":\"https:\/\/genziii.azdigi.shop\/\",\"name\":\"GENZiii\",\"description\":\"GENZiii\",\"potentialAction\":[{\"@type\":\"SearchAction\",\"target\":{\"@type\":\"EntryPoint\",\"urlTemplate\":\"https:\/\/genziii.azdigi.shop\/?s={search_term_string}\"},\"query-input\":{\"@type\":\"PropertyValueSpecification\",\"valueRequired\":true,\"valueName\":\"search_term_string\"}}],\"inLanguage\":\"en-US\"}]}<\/script>\n<!-- \/ Yoast SEO plugin. -->","yoast_head_json":{"title":"Nh\u1eabn - HOPE - GENZiii","description":"\u0110\u1eb7c bi\u1ec7t, v\u1ebb \u0111\u1eb9p c\u1ee7a v\u00f2ng c\u00e0ng \u0111\u01b0\u1ee3c t\u00f4n vinh khi k\u1ebft h\u1ee3p c\u00f9ng c\u00e1c trang ph\u1ee5c c\u00f3 gam m\u00e0u trung t\u00ednh nh\u01b0 tr\u1eafng, be ho\u1eb7c \u0111en, t\u1ea1o n\u00ean m\u1ed9t cu\u1ed1n cu\u1ed1n kh\u00f3 ch\u1ea5p.","robots":{"index":"index","follow":"follow","max-snippet":"max-snippet:-1","max-image-preview":"max-image-preview:large","max-video-preview":"max-video-preview:-1"},"canonical":"https:\/\/genziii.azdigi.shop\/index.php\/product\/nhan-hope\/","og_locale":"en_US","og_type":"article","og_title":"Nh\u1eabn - HOPE - GENZiii","og_description":"\u0110\u1eb7c bi\u1ec7t, v\u1ebb \u0111\u1eb9p c\u1ee7a v\u00f2ng c\u00e0ng \u0111\u01b0\u1ee3c t\u00f4n vinh khi k\u1ebft h\u1ee3p c\u00f9ng c\u00e1c trang ph\u1ee5c c\u00f3 gam m\u00e0u trung t\u00ednh nh\u01b0 tr\u1eafng, be ho\u1eb7c \u0111en, t\u1ea1o n\u00ean m\u1ed9t cu\u1ed1n cu\u1ed1n kh\u00f3 ch\u1ea5p.","og_url":"https:\/\/genziii.azdigi.shop\/index.php\/product\/nhan-hope\/","og_site_name":"GENZiii","og_image":[{"width":736,"height":736,"url":"https:\/\/genziii.azdigi.shop\/wp-content\/uploads\/2026\/04\/1.jpg","type":"image\/jpeg"}],"twitter_card":"summary_large_image","twitter_misc":{"Est. reading time":"3 minutes"},"schema":{"@context":"https:\/\/schema.org","@graph":[{"@type":"WebPage","@id":"https:\/\/genziii.azdigi.shop\/index.php\/product\/nhan-hope\/","url":"https:\/\/genziii.azdigi.shop\/index.php\/product\/nhan-hope\/","name":"Nh\u1eabn - HOPE - GENZiii","isPartOf":{"@id":"https:\/\/genziii.azdigi.shop\/#website"},"primaryImageOfPage":{"@id":"https:\/\/genziii.azdigi.shop\/index.php\/product\/nhan-hope\/#primaryimage"},"image":{"@id":"https:\/\/genziii.azdigi.shop\/index.php\/product\/nhan-hope\/#primaryimage"},"thumbnailUrl":"https:\/\/genziii.azdigi.shop\/wp-content\/uploads\/2026\/04\/1.jpg","datePublished":"2026-04-04T15:26:05+00:00","description":"\u0110\u1eb7c bi\u1ec7t, v\u1ebb \u0111\u1eb9p c\u1ee7a v\u00f2ng c\u00e0ng \u0111\u01b0\u1ee3c t\u00f4n vinh khi k\u1ebft h\u1ee3p c\u00f9ng c\u00e1c trang ph\u1ee5c c\u00f3 gam m\u00e0u trung t\u00ednh nh\u01b0 tr\u1eafng, be ho\u1eb7c \u0111en, t\u1ea1o n\u00ean m\u1ed9t cu\u1ed1n cu\u1ed1n kh\u00f3 ch\u1ea5p.","breadcrumb":{"@id":"https:\/\/genziii.azdigi.shop\/index.php\/product\/nhan-hope\/#breadcrumb"},"inLanguage":"en-US","potentialAction":[{"@type":"ReadAction","target":["https:\/\/genziii.azdigi.shop\/index.php\/product\/nhan-hope\/"]}]},{"@type":"ImageObject","inLanguage":"en-US","@id":"https:\/\/genziii.azdigi.shop\/index.php\/product\/nhan-hope\/#primaryimage","url":"https:\/\/genziii.azdigi.shop\/wp-content\/uploads\/2026\/04\/1.jpg","contentUrl":"https:\/\/genziii.azdigi.shop\/wp-content\/uploads\/2026\/04\/1.jpg","width":736,"height":736},{"@type":"BreadcrumbList","@id":"https:\/\/genziii.azdigi.shop\/index.php\/product\/nhan-hope\/#breadcrumb","itemListElement":[{"@type":"ListItem","position":1,"name":"Home","item":"https:\/\/genziii.azdigi.shop\/"},{"@type":"ListItem","position":2,"name":"Shop","item":"https:\/\/genziii.azdigi.shop\/index.php\/shop\/"},{"@type":"ListItem","position":3,"name":"Nh\u1eabn &#8211; HOPE"}]},{"@type":"WebSite","@id":"https:\/\/genziii.azdigi.shop\/#website","url":"https:\/\/genziii.azdigi.shop\/","name":"GENZiii","description":"GENZiii","potentialAction":[{"@type":"SearchAction","target":{"@type":"EntryPoint","urlTemplate":"https:\/\/genziii.azdigi.shop\/?s={search_term_string}"},"query-input":{"@type":"PropertyValueSpecification","valueRequired":true,"valueName":"search_term_string"}}],"inLanguage":"en-US"}]}},"_links":{"self":[{"href":"https:\/\/genziii.azdigi.shop\/index.php\/wp-json\/wp\/v2\/product\/446","targetHints":{"allow":["GET"]}}],"collection":[{"href":"https:\/\/genziii.azdigi.shop\/index.php\/wp-json\/wp\/v2\/product"}],"about":[{"href":"https:\/\/genziii.azdigi.shop\/index.php\/wp-json\/wp\/v2\/types\/product"}],"replies":[{"embeddable":true,"href":"https:\/\/genziii.azdigi.shop\/index.php\/wp-json\/wp\/v2\/comments?post=446"}],"wp:featuredmedia":[{"embeddable":true,"href":"https:\/\/genziii.azdigi.shop\/index.php\/wp-json\/wp\/v2\/media\/447"}],"wp:attachment":[{"href":"https:\/\/genziii.azdigi.shop\/index.php\/wp-json\/wp\/v2\/media?parent=446"}],"wp:term":[{"taxonomy":"product_brand","embeddable":true,"href":"https:\/\/genziii.azdigi.shop\/index.php\/wp-json\/wp\/v2\/product_brand?post=446"},{"taxonomy":"product_cat","embeddable":true,"href":"https:\/\/genziii.azdigi.shop\/index.php\/wp-json\/wp\/v2\/product_cat?post=446"},{"taxonomy":"product_tag","embeddable":true,"href":"https:\/\/genziii.azdigi.shop\/index.php\/wp-json\/wp\/v2\/product_tag?post=446"}],"curies":[{"name":"wp","href":"https:\/\/api.w.org\/{rel}","templated":true}]}}